{"id":95,"date":"2025-06-18T10:32:28","date_gmt":"2025-06-18T08:32:28","guid":{"rendered":"http:\/\/serinettes.fr\/?page_id=95"},"modified":"2025-06-18T10:54:02","modified_gmt":"2025-06-18T08:54:02","slug":"dom-bedos-de-celles-1709-1779","status":"publish","type":"page","link":"http:\/\/serinettes.fr\/index.php\/dom-bedos-de-celles-1709-1779\/","title":{"rendered":"Dom Bedos de Celles (1709-1779)"},"content":{"rendered":"\n<p class=\"has-medium-font-size\"><br><strong>L\u2019art du facteur d\u2019orgues, \u00e9dition 1766<\/strong><br><a href=\"https:\/\/imslp.org\/wiki\/L%27art_du_facteur_d%27orgues_(B%C3%A9dos_de_Celles_de_Salelles%2C_Fran%C3%A7ois_Lamathe)\" target=\"_blank\" rel=\"noreferrer noopener\">T\u00e9l\u00e9chargeable sur imlsp.org<\/a><\/p>\n\n\n\n<p class=\"has-text-align-center has-medium-brown-color has-text-color has-link-color has-medium-font-size wp-elements-6a85bbce719cb8f7eddfe4e18113543f\"><strong>Planches &#8211; les rep\u00e8res se r\u00e9f\u00e9rent au texte<\/strong><\/p>\n\n\n\n<p class=\"has-text-align-center has-medium-font-size\"><a href=\"http:\/\/serinettes.fr\/wp-content\/uploads\/2025\/06\/Dom-Bedos-de-Celles-Lart-du-facteur-dorgue-1766-la-serinette-texte-et-figures.pdf\" data-type=\"link\" data-id=\"http:\/\/serinettes.fr\/wp-content\/uploads\/2025\/06\/Dom-Bedos-de-Celles-Lart-du-facteur-dorgue-1766-la-serinette-texte-et-figures.pdf\" target=\"_blank\" rel=\"noreferrer noopener\">Texte extrait concernant l&rsquo;organologie et la tonotechnie &#8211; PDF<\/a><\/p>\n\n\n\n<figure class=\"wp-block-image size-large\"><img loading=\"lazy\" decoding=\"async\" width=\"706\" height=\"1024\" src=\"http:\/\/serinettes.fr\/wp-content\/uploads\/2025\/06\/FI0AAF1-706x1024.jpg\" alt=\"\" class=\"wp-image-111\" srcset=\"http:\/\/serinettes.fr\/wp-content\/uploads\/2025\/06\/FI0AAF1-706x1024.jpg 706w, http:\/\/serinettes.fr\/wp-content\/uploads\/2025\/06\/FI0AAF1-207x300.jpg 207w, http:\/\/serinettes.fr\/wp-content\/uploads\/2025\/06\/FI0AAF1-768x1113.jpg 768w, http:\/\/serinettes.fr\/wp-content\/uploads\/2025\/06\/FI0AAF1-1060x1536.jpg 1060w, http:\/\/serinettes.fr\/wp-content\/uploads\/2025\/06\/FI0AAF1.jpg 1279w\" sizes=\"auto, (max-width: 706px) 100vw, 706px\" \/><\/figure>\n\n\n\n<figure class=\"wp-block-image size-large\"><img loading=\"lazy\" decoding=\"async\" width=\"721\" height=\"1024\" src=\"http:\/\/serinettes.fr\/wp-content\/uploads\/2025\/06\/FI5B841-721x1024.jpg\" alt=\"\" class=\"wp-image-108\" srcset=\"http:\/\/serinettes.fr\/wp-content\/uploads\/2025\/06\/FI5B841-721x1024.jpg 721w, http:\/\/serinettes.fr\/wp-content\/uploads\/2025\/06\/FI5B841-211x300.jpg 211w, http:\/\/serinettes.fr\/wp-content\/uploads\/2025\/06\/FI5B841-768x1090.jpg 768w, http:\/\/serinettes.fr\/wp-content\/uploads\/2025\/06\/FI5B841-1082x1536.jpg 1082w, http:\/\/serinettes.fr\/wp-content\/uploads\/2025\/06\/FI5B841.jpg 1304w\" sizes=\"auto, (max-width: 721px) 100vw, 721px\" \/><\/figure>\n\n\n\n<figure class=\"wp-block-image size-large\"><img loading=\"lazy\" decoding=\"async\" width=\"723\" height=\"1024\" src=\"http:\/\/serinettes.fr\/wp-content\/uploads\/2025\/06\/FIA4181-723x1024.jpg\" alt=\"\" class=\"wp-image-112\" srcset=\"http:\/\/serinettes.fr\/wp-content\/uploads\/2025\/06\/FIA4181-723x1024.jpg 723w, http:\/\/serinettes.fr\/wp-content\/uploads\/2025\/06\/FIA4181-212x300.jpg 212w, http:\/\/serinettes.fr\/wp-content\/uploads\/2025\/06\/FIA4181-768x1087.jpg 768w, http:\/\/serinettes.fr\/wp-content\/uploads\/2025\/06\/FIA4181-1085x1536.jpg 1085w, http:\/\/serinettes.fr\/wp-content\/uploads\/2025\/06\/FIA4181.jpg 1304w\" sizes=\"auto, (max-width: 723px) 100vw, 723px\" \/><\/figure>\n\n\n\n<figure class=\"wp-block-image size-large\"><img loading=\"lazy\" decoding=\"async\" width=\"718\" height=\"1024\" src=\"http:\/\/serinettes.fr\/wp-content\/uploads\/2025\/06\/FIEE371-718x1024.jpg\" alt=\"\" class=\"wp-image-110\" srcset=\"http:\/\/serinettes.fr\/wp-content\/uploads\/2025\/06\/FIEE371-718x1024.jpg 718w, http:\/\/serinettes.fr\/wp-content\/uploads\/2025\/06\/FIEE371-210x300.jpg 210w, http:\/\/serinettes.fr\/wp-content\/uploads\/2025\/06\/FIEE371-768x1096.jpg 768w, http:\/\/serinettes.fr\/wp-content\/uploads\/2025\/06\/FIEE371-1076x1536.jpg 1076w, http:\/\/serinettes.fr\/wp-content\/uploads\/2025\/06\/FIEE371.jpg 1297w\" sizes=\"auto, (max-width: 718px) 100vw, 718px\" \/><\/figure>\n","protected":false},"excerpt":{"rendered":"<p>L\u2019art du facteur d\u2019orgues, \u00e9dition 1766T\u00e9l\u00e9chargeable sur imlsp.org Planches &#8211; les rep\u00e8res se r\u00e9f\u00e9rent au texte Texte extrait concernant l&rsquo;organologie et la tonotechnie &#8211; PDF<\/p>\n","protected":false},"author":1,"featured_media":0,"parent":0,"menu_order":0,"comment_status":"closed","ping_status":"closed","template":"","meta":{"footnotes":""},"class_list":["post-95","page","type-page","status-publish","hentry"],"_links":{"self":[{"href":"http:\/\/serinettes.fr\/index.php\/wp-json\/wp\/v2\/pages\/95","targetHints":{"allow":["GET"]}}],"collection":[{"href":"http:\/\/serinettes.fr\/index.php\/wp-json\/wp\/v2\/pages"}],"about":[{"href":"http:\/\/serinettes.fr\/index.php\/wp-json\/wp\/v2\/types\/page"}],"author":[{"embeddable":true,"href":"http:\/\/serinettes.fr\/index.php\/wp-json\/wp\/v2\/users\/1"}],"replies":[{"embeddable":true,"href":"http:\/\/serinettes.fr\/index.php\/wp-json\/wp\/v2\/comments?post=95"}],"version-history":[{"count":4,"href":"http:\/\/serinettes.fr\/index.php\/wp-json\/wp\/v2\/pages\/95\/revisions"}],"predecessor-version":[{"id":148,"href":"http:\/\/serinettes.fr\/index.php\/wp-json\/wp\/v2\/pages\/95\/revisions\/148"}],"wp:attachment":[{"href":"http:\/\/serinettes.fr\/index.php\/wp-json\/wp\/v2\/media?parent=95"}],"curies":[{"name":"wp","href":"https:\/\/api.w.org\/{rel}","templated":true}]}}