{"id":903,"date":"2025-10-13T10:49:19","date_gmt":"2025-10-13T08:49:19","guid":{"rendered":"http:\/\/serinettes.fr\/?page_id=903"},"modified":"2025-10-14T17:57:12","modified_gmt":"2025-10-14T15:57:12","slug":"les-automates-oiseaux-chanteurs","status":"publish","type":"page","link":"http:\/\/serinettes.fr\/index.php\/les-automates-oiseaux-chanteurs\/","title":{"rendered":"Les automates \u00ab\u00a0Oiseaux chanteurs\u00a0\u00bb"},"content":{"rendered":"\n<p>Proches des serinettes quant au mode de production du son (un soufflet &#8211; un dispositif circulaire en relief comme \u00ab\u00a0partition\u00a0\u00bb &#8211; un tuyau d&rsquo;orgue), c&rsquo;est une fl\u00fbte \u00e0 piston qui interpr\u00e8te le chant de l&rsquo;oiseau. L&rsquo;action du piston (et donc la hauteur des sons) provient du crantage de la roue principale (\u00e9quivalent du cylindre picot\u00e9 des serinettes)<\/p>\n\n\n\n<hr class=\"wp-block-separator has-alpha-channel-opacity\"\/>\n\n\n\n<p><strong>Antiquit\u00e9 et Moyen Age<\/strong><\/p>\n\n\n\n<p class=\"has-red-color has-text-color has-link-color has-medium-font-size wp-elements-5f3f7258d3d21603f74b9530b042e4e6\"><strong>Une page tr\u00e8s document\u00e9e : <br><a href=\"https:\/\/mariellebrie.com\/les-automates-doiseaux-chanteurs\/\" target=\"_blank\" rel=\"noreferrer noopener\">https:\/\/mariellebrie.com\/les-automates-doiseaux-chanteurs\/<\/a><br>que je cite ci-dessous, avec l&rsquo;aimable autorisation de son auteure :<\/strong><\/p>\n\n\n\n<p><em>\u00ab\u00a0Autour du IIIe et IIe si\u00e8cle avant notre \u00e8re, les premiers automates d\u2019oiseaux chanteurs gazouillaient all\u00e8grement \u00e0 Alexandrie o\u00f9 l\u2019ing\u00e9nieur Ct\u00e9sibios (285 \u2013 222 av. notre \u00e8re) avait d\u00e9j\u00e0 con\u00e7u un syst\u00e8me hydraulique capable d\u2019imiter leurs chants. Selon la modulation des ouvertures de ce syst\u00e8me, il \u00e9tait m\u00eame possible de produire de mani\u00e8re reconnaissable le chant de diff\u00e9rentes esp\u00e8ces d\u2019oiseaux. Cet automate fut notamment repris par H\u00e9ron d\u2019Alexandrie (Ier si\u00e8cle de notre \u00e8re).\u00a0\u00bb<\/em><\/p>\n\n\n\n<figure class=\"wp-block-image size-large\"><img loading=\"lazy\" decoding=\"async\" width=\"775\" height=\"1024\" src=\"http:\/\/serinettes.fr\/wp-content\/uploads\/2025\/10\/18-heron-alexandrie-fontaine-oiseaux-siffleurs-chouette-automate-1-775x1024.jpg\" alt=\"\" class=\"wp-image-931\" srcset=\"http:\/\/serinettes.fr\/wp-content\/uploads\/2025\/10\/18-heron-alexandrie-fontaine-oiseaux-siffleurs-chouette-automate-1-775x1024.jpg 775w, http:\/\/serinettes.fr\/wp-content\/uploads\/2025\/10\/18-heron-alexandrie-fontaine-oiseaux-siffleurs-chouette-automate-1-227x300.jpg 227w, http:\/\/serinettes.fr\/wp-content\/uploads\/2025\/10\/18-heron-alexandrie-fontaine-oiseaux-siffleurs-chouette-automate-1-768x1015.jpg 768w, http:\/\/serinettes.fr\/wp-content\/uploads\/2025\/10\/18-heron-alexandrie-fontaine-oiseaux-siffleurs-chouette-automate-1-1163x1536.jpg 1163w, http:\/\/serinettes.fr\/wp-content\/uploads\/2025\/10\/18-heron-alexandrie-fontaine-oiseaux-siffleurs-chouette-automate-1.jpg 1476w\" sizes=\"auto, (max-width: 775px) 100vw, 775px\" \/><figcaption class=\"wp-element-caption\">H\u00e9ron d&rsquo;Alexandrie, Pneumatica 1,16 : dessin technique d&rsquo;un appareil hydraulique \u00e0 chants d&rsquo;oiseaux artificiels, Manuscrit de Venise, Biblioteca Marciana, Gr. 516, suiv. 172v. Ce codex du XIIIe si\u00e8cle est le plus ancien texte connu du Pneumatica de Heron d\u2019Alexandrie.<\/figcaption><\/figure>\n\n\n\n<p>\u00ab\u00a0<em>Le Moyen-\u00c2ge oriental, empruntant les technologies d\u00e9velopp\u00e9es durant l\u2019Antiquit\u00e9, ne manqua pas de cr\u00e9er toutes sortes d\u2019automates et d\u2019horloges \u00e0 automates avec toujours ce go\u00fbt pour les oiseaux dont on parvenait d\u00e9sormais \u00e0 imiter le chant avec succ\u00e8s. <strong>L\u2019horloge aux paons d\u2019Al Jazari<\/strong> en est l\u2019exemple. Jusqu\u2019au XIIe si\u00e8cle, les automates furent seulement connus en Occident par des r\u00e9cits de voyageurs, des contes et des textes et par quelques rares privil\u00e9gi\u00e9s (H\u00e2roun ar-Rach\u00eed offrit \u00e0 Charlemagne une horloge \u00e0 automates).<\/em>\u00ab\u00a0<\/p>\n\n\n\n<figure class=\"wp-block-image size-large\"><img loading=\"lazy\" decoding=\"async\" width=\"748\" height=\"1024\" src=\"http:\/\/serinettes.fr\/wp-content\/uploads\/2025\/10\/36-horloge-hydraulique-clepsydre-al-jazari-paon-automate-768x1051-1-748x1024.jpeg\" alt=\"\" class=\"wp-image-932\" srcset=\"http:\/\/serinettes.fr\/wp-content\/uploads\/2025\/10\/36-horloge-hydraulique-clepsydre-al-jazari-paon-automate-768x1051-1-748x1024.jpeg 748w, http:\/\/serinettes.fr\/wp-content\/uploads\/2025\/10\/36-horloge-hydraulique-clepsydre-al-jazari-paon-automate-768x1051-1-219x300.jpeg 219w, http:\/\/serinettes.fr\/wp-content\/uploads\/2025\/10\/36-horloge-hydraulique-clepsydre-al-jazari-paon-automate-768x1051-1.jpeg 768w\" sizes=\"auto, (max-width: 748px) 100vw, 748px\" \/><figcaption class=\"wp-element-caption\">Clepsydre aux paons (ou Horloge aux paons) &#8211; Page d&rsquo;une copie du Livre de la connaissance des proc\u00e9d\u00e9s m\u00e9caniques (Kit\u00e2b fi ma&rsquo;rifat al-hiyal al-handasiyya) d&rsquo;Al-Jazari &#8211; Egypte &#8211; Le Caire (?) &#8211; 1354 (le livre initial a \u00e9t\u00e9 compos\u00e9 par son auteur en 1206, Le trait\u00e9 d&rsquo;al-Djazari pour un sultan de Diyarbakir et traite des automates.) Louvre &#8211; D\u00e9partement des arts de l\u2019Islam.<br><a href=\"https:\/\/collections.louvre.fr\/ark:\/53355\/cl010330239\">https:\/\/collections.louvre.fr\/ark:\/53355\/cl010330239<\/a><\/figcaption><\/figure>\n\n\n\n<hr class=\"wp-block-separator has-alpha-channel-opacity\"\/>\n\n\n\n<p>Au 19\u00e8me si\u00e8cle, <strong>Blaise Bontems<\/strong> (Le M\u00e9nil &#8211; Vosges, 5 mars1814 &#8211; Paris, 19 juin1893) cr\u00e9e de magnifiques oiseaux chanteurs, fabrications qui seront continu\u00e9es par son fils Charles Jules et son petit-fils Lucien.<br>Il s\u2019installe \u00e0 Paris rue de Cl\u00e9ry en 1849, sous le titre d\u2019\u00ab<em>inventeur et fabricant d\u2019oiseaux mouvants et chantants adapt\u00e9s sur pendules, groupes et tableaux<\/em>\u00bb. Il perfectionne les m\u00e9canismes (connus depuis l&rsquo;Antiquit\u00e9) en conjuguant ses talents d&rsquo;horloger et de taxidermiste. Les oiseaux habill\u00e9s de plumes naturelles, sont anim\u00e9s de mouvements et le m\u00e9canisme imite le chant des oiseaux des jardins (merle, pinson, canard, fauvette, alouette, etc\u2026.)<br><\/p>\n\n\n\n<p><strong>Le m\u00e9canisme du chant<\/strong> est relativement simple: un soufflet \u00e0 double effet, actionn\u00e9 par un moteur \u00e0 ressort, envoie de l\u2019air dans un r\u00e9servoir \u00e0 pression. Celui-ci injecte l\u2019air par l\u2019interm\u00e9diaire d\u2019une soupape dans un sifflet \u00e0 l\u2019int\u00e9rieur duquel coulisse un piston command\u00e9 par une came. Une deuxi\u00e8me came commande la soupape d\u2019admission d\u2019air du r\u00e9servoir dans le sifflet. La combinaison de ces deux fonctions donne le chant de l\u2019oiseau.<\/p>\n\n\n\n<p>Illustrations vid\u00e9os sur le site <a href=\"https:\/\/lecomptoirdetitam.wordpress.com\/2016\/02\/01\/les-oiseaux-chanteurs-de-blaise-bontems\/\">https:\/\/lecomptoirdetitam.wordpress.com\/2016\/02\/01\/les-oiseaux-chanteurs-de-blaise-bontems\/<\/a><\/p>\n\n\n\n<figure class=\"wp-block-video\"><video height=\"360\" style=\"aspect-ratio: 640 \/ 360;\" width=\"640\" controls src=\"http:\/\/serinettes.fr\/wp-content\/uploads\/2025\/10\/The-Finest-Bird-Song-of-1890.mp4\"><\/video><figcaption class=\"wp-element-caption\"><a href=\"https:\/\/www.youtube.com\/watch?time_continue=17&amp;v=tPKFT_t2rL0&amp;embeds_referring_euri=https%3A%2F%2Flecomptoirdetitam.wordpress.com%2F&amp;source_ve_path=MzY4NDIsMjg2NjY\">The finest song of 1890 &#8211; The house of Automata<\/a><br><a href=\"https:\/\/www.youtube.com\/watch?v=tPKFT_t2rL0&amp;t=17s\">https:\/\/www.youtube.com\/watch?v=tPKFT_t2rL0&amp;t=17s<\/a><\/figcaption><\/figure>\n\n\n\n<figure class=\"wp-block-video\"><video height=\"360\" style=\"aspect-ratio: 640 \/ 360;\" width=\"640\" controls src=\"http:\/\/serinettes.fr\/wp-content\/uploads\/2025\/10\/cage-a-deux-oiseaux.mp4\"><\/video><figcaption class=\"wp-element-caption\">Cage \u00e0 deux oiseaux &#8211; ca.1900<br><a href=\"https:\/\/www.youtube.com\/watch?v=SHipYcK68Pw&amp;t=49s\">https:\/\/www.youtube.com\/watch?v=SHipYcK68Pw&amp;t=49s<\/a><br><a href=\"http:\/\/www.museebaud.ch\">http:\/\/www.museebaud.ch <\/a><\/figcaption><\/figure>\n\n\n\n<figure class=\"wp-block-video\"><video height=\"360\" style=\"aspect-ratio: 480 \/ 360;\" width=\"480\" controls src=\"http:\/\/serinettes.fr\/wp-content\/uploads\/2025\/10\/Les-oiseaux-siffleurs-du-Musee-Baud-de-LAuberson.mp4\"><\/video><figcaption class=\"wp-element-caption\">Les oiseaux siffleurs du Mus\u00e9e Baud de L&rsquo;Auberson<br><a href=\"https:\/\/www.youtube.com\/watch?v=FAWOZRqgHP8&amp;t=6s\">https:\/\/www.youtube.com\/watch?v=FAWOZRqgHP8&amp;t=6s<\/a><\/figcaption><\/figure>\n\n\n\n<hr class=\"wp-block-separator has-alpha-channel-opacity\"\/>\n\n\n\n<p>Superbes r\u00e9alisations de la <strong>Maison Reuge<\/strong><br>(Quartier du Progr\u00e8s, 37 &#8211; CH-1450&nbsp;Sainte Croix, Switzerland &#8211; +41&nbsp;24&nbsp;455&nbsp;22&nbsp;22)<br><strong>Reuge <\/strong>est la seule manufacture au monde \u00e0 fabriquer encore aujourd\u2019hui des oiseaux chanteurs automates et \u00e0 perp\u00e9tuer son extraordinaire tradition.<br>Suite au rachat de la Maison parisienne Bontems en 1960, la Manufacture Reuge, alors reconnue mondialement pour ses bo\u00eetes \u00e0 musique, reprend la cr\u00e9ation et la fabrication d\u2019oiseaux chanteurs m\u00e9caniques. En 1977, elle acquiert la Maison Esche et enrichit ainsi son savoir-faire avec les tabati\u00e8res.<br><a href=\"https:\/\/www.reuge.com\/fr\">https:\/\/www.reuge.com\/fr<\/a><\/p>\n\n\n\n<p>Les mouvements d&rsquo;oiseaux chanteurs<br><a href=\"https:\/\/www.reuge.com\/fr\/factory\/nos-savoirs-faire\/mouvements-a-oiseaux-chanteurs\">https:\/\/www.reuge.com\/fr\/factory\/nos-savoirs-faire\/mouvements-a-oiseaux-chanteurs<\/a><\/p>\n\n\n\n<hr class=\"wp-block-separator has-alpha-channel-opacity\"\/>\n\n\n\n<p>Quelques superbes illustrations  vid\u00e9os depuis le site Facebook<strong> The House of Automata <\/strong><br><a href=\"https:\/\/www.facebook.com\/mechmagic\">https:\/\/www.facebook.com\/mechmagic<\/a><\/p>\n\n\n\n<p>32 HIGH STREET, Forres, United Kingdom, IV36 1DB<br>magic@thehouseofautomata.com<br>+44 7790 719097<br><a href=\"http:\/\/www.thehouseofautomata.com\/\">http:\/\/www.thehouseofautomata.com\/<\/a><\/p>\n\n\n\n<figure class=\"wp-block-video\"><video height=\"900\" style=\"aspect-ratio: 720 \/ 900;\" width=\"720\" controls src=\"http:\/\/serinettes.fr\/wp-content\/uploads\/2025\/10\/FDownloader.Net_AQME-T5wrWy6ysSx9145wsShcKwOHPwe81zEOs7LlZL3m23wtaMVfE41K5mVfBnvqwng3CAyu434vxxROzUx7om1TVdvkyJ1GZ6Quw6_vJXhvg_720p_HD.mp4\"><\/video><figcaption class=\"wp-element-caption\"><a href=\"https:\/\/www.facebook.com\/reel\/229454875116373\">https:\/\/www.facebook.com\/reel\/229454875116373<\/a><\/figcaption><\/figure>\n\n\n\n<figure class=\"wp-block-video\"><video height=\"1280\" style=\"aspect-ratio: 720 \/ 1280;\" width=\"720\" controls src=\"http:\/\/serinettes.fr\/wp-content\/uploads\/2025\/10\/FDownloader.Net_AQPsbUFstb2XhCO75Hb2eAu9Lty6Ulfr34X6fOy71fR2N7L9ry2snEcds5OTnBxPCsPS9OzY1leyaz2IFWS7_15l-B2qimADNPwa4Y17qQQptA_720p_HD.mp4\"><\/video><figcaption class=\"wp-element-caption\"><a href=\"https:\/\/www.facebook.com\/reel\/270427224997616\">https:\/\/www.facebook.com\/reel\/270427224997616<\/a><\/figcaption><\/figure>\n\n\n\n<figure class=\"wp-block-video\"><video height=\"720\" style=\"aspect-ratio: 720 \/ 720;\" width=\"720\" controls src=\"http:\/\/serinettes.fr\/wp-content\/uploads\/2025\/10\/FDownloader.Net_AQPjCJiVOX3pmnYnN9d5t9tKvG6QjTUeZlU6D-TPHt86sUWZ2jhmPl_zF3UzrAMdIyZNN5bXqPxXf88Yp-SpdeGZiD_gRiAMAqFoQwfhOLMROg_720p_HD.mp4\"><\/video><figcaption class=\"wp-element-caption\"><a href=\"https:\/\/www.facebook.com\/reel\/214607603809876\">https:\/\/www.facebook.com\/reel\/214607603809876<\/a><\/figcaption><\/figure>\n\n\n\n<figure class=\"wp-block-video\"><video height=\"854\" style=\"aspect-ratio: 480 \/ 854;\" width=\"480\" controls src=\"http:\/\/serinettes.fr\/wp-content\/uploads\/2025\/10\/FDownloader.Net_AQPYIUq2AeKdremNHMmg5oPnE1duJvugtlni4Euxgc4U2g01StWwRsQ7cQJ6zuDzZUlRRttiCCIFBefl0hXXxXbGKXGucT81eQ6KlkU_720p_HD.mp4\"><\/video><figcaption class=\"wp-element-caption\"><a href=\"https:\/\/www.facebook.com\/reel\/1321843639537285\">https:\/\/www.facebook.com\/reel\/1321843639537285<\/a><\/figcaption><\/figure>\n\n\n\n<figure class=\"wp-block-video\"><video height=\"1280\" style=\"aspect-ratio: 720 \/ 1280;\" width=\"720\" controls src=\"http:\/\/serinettes.fr\/wp-content\/uploads\/2025\/10\/FDownloader.Net_AQOJuTPFy6bA-cwCozRr62vdsr-wvGfRa3wKTdb-wUJOvdVwugSfS8KyvF78-uUKTeRQkXlXqtD8h07s1ZFT537F2g3T6I6TNpAO3qunva4AEQ_720p_HD.mp4\"><\/video><figcaption class=\"wp-element-caption\"><a href=\"https:\/\/www.facebook.com\/reel\/401287579014290\">https:\/\/www.facebook.com\/reel\/401287579014290<\/a><\/figcaption><\/figure>\n\n\n\n<figure class=\"wp-block-video\"><video height=\"1280\" style=\"aspect-ratio: 720 \/ 1280;\" width=\"720\" controls src=\"http:\/\/serinettes.fr\/wp-content\/uploads\/2025\/10\/FDownloader.Net_AQPZPGtLxetV4frk7e8awzaCgD0nULr68u0M9i7gB3YnvoirIu7vcMcSlunzaAk8sZa5jsSztj3-Y-RgQrBLP-RTcmcD2ieSKm8qlO5rY3PdDA_720p_HD.mp4\"><\/video><figcaption class=\"wp-element-caption\"><a href=\"https:\/\/www.facebook.com\/reel\/2407672336243674\">https:\/\/www.facebook.com\/reel\/2407672336243674<\/a><\/figcaption><\/figure>\n","protected":false},"excerpt":{"rendered":"<p>Proches des serinettes quant au mode de production du son (un soufflet &#8211; un dispositif circulaire en relief comme \u00ab\u00a0partition\u00a0\u00bb &#8211; un tuyau d&rsquo;orgue), c&rsquo;est une fl\u00fbte \u00e0 piston qui interpr\u00e8te le chant de l&rsquo;oiseau. L&rsquo;action du piston (et donc la hauteur des sons) provient du crantage de la roue principale (\u00e9quivalent du cylindre picot\u00e9 &hellip; <a href=\"http:\/\/serinettes.fr\/index.php\/les-automates-oiseaux-chanteurs\/\" class=\"more-link\">Continuer la lecture de <span class=\"screen-reader-text\">Les automates \u00ab\u00a0Oiseaux chanteurs\u00a0\u00bb<\/span> <span class=\"meta-nav\">&rarr;<\/span><\/a><\/p>\n","protected":false},"author":1,"featured_media":0,"parent":0,"menu_order":0,"comment_status":"closed","ping_status":"closed","template":"","meta":{"footnotes":""},"class_list":["post-903","page","type-page","status-publish","hentry"],"_links":{"self":[{"href":"http:\/\/serinettes.fr\/index.php\/wp-json\/wp\/v2\/pages\/903","targetHints":{"allow":["GET"]}}],"collection":[{"href":"http:\/\/serinettes.fr\/index.php\/wp-json\/wp\/v2\/pages"}],"about":[{"href":"http:\/\/serinettes.fr\/index.php\/wp-json\/wp\/v2\/types\/page"}],"author":[{"embeddable":true,"href":"http:\/\/serinettes.fr\/index.php\/wp-json\/wp\/v2\/users\/1"}],"replies":[{"embeddable":true,"href":"http:\/\/serinettes.fr\/index.php\/wp-json\/wp\/v2\/comments?post=903"}],"version-history":[{"count":8,"href":"http:\/\/serinettes.fr\/index.php\/wp-json\/wp\/v2\/pages\/903\/revisions"}],"predecessor-version":[{"id":946,"href":"http:\/\/serinettes.fr\/index.php\/wp-json\/wp\/v2\/pages\/903\/revisions\/946"}],"wp:attachment":[{"href":"http:\/\/serinettes.fr\/index.php\/wp-json\/wp\/v2\/media?parent=903"}],"curies":[{"name":"wp","href":"https:\/\/api.w.org\/{rel}","templated":true}]}}