{"id":750,"date":"2025-08-25T20:18:56","date_gmt":"2025-08-25T18:18:56","guid":{"rendered":"http:\/\/serinettes.fr\/?page_id=750"},"modified":"2025-08-25T20:20:34","modified_gmt":"2025-08-25T18:20:34","slug":"chanter-comme-un-oiseau","status":"publish","type":"page","link":"http:\/\/serinettes.fr\/index.php\/chanter-comme-un-oiseau\/","title":{"rendered":"Chanter comme un oiseau&#8230;"},"content":{"rendered":"\n<p>De tous temps, les hommes ont cherch\u00e9 \u00e0 imiter les chants et cris d&rsquo;oiseaux : pour le plaisir d&rsquo;\u00e9voquer leur libert\u00e9 musicale, afin de les attirer dans les filets de la capture ou pour la chasse, par jeu et par plaisir, jusqu&rsquo;aux sources d&rsquo;inspiration d&rsquo;Olivier Messiaen..<\/p>\n\n\n\n<p><a href=\"https:\/\/www.chanteurs-oiseaux.com\/\" target=\"_blank\" rel=\"noreferrer noopener\"><strong>Chanteurs d&rsquo;Oiseaux<\/strong> &#8211; <strong>Jean Boucault et Johnny Rasse<\/strong><\/a> : un duo exceptionnel, \u00e0 d\u00e9couvrir lors de l&rsquo;une de leur prestation ou concert <br>&#8211; <a href=\"https:\/\/www.chanteurs-oiseaux.com\/\" target=\"_blank\" rel=\"noreferrer noopener\">leur site internet<\/a><br>&#8211;<a href=\"https:\/\/arenes.fr\/livre\/chanteurs-doiseaux\/\" target=\"_blank\" rel=\"noreferrer noopener\"> le livre de leur(s) histoire(s)<\/a><\/p>\n\n\n\n<div class=\"wp-block-columns is-layout-flex wp-container-core-columns-is-layout-9d6595d7 wp-block-columns-is-layout-flex\">\n<div class=\"wp-block-column is-layout-flow wp-block-column-is-layout-flow\" style=\"flex-basis:66.66%\">\n<p><a href=\"https:\/\/danielgiraudon.weebly.com\/uploads\/3\/1\/6\/3\/3163761\/presse-mimo-giraudon.pdf\" data-type=\"link\" data-id=\"https:\/\/danielgiraudon.weebly.com\/uploads\/3\/1\/6\/3\/3163761\/presse-mimo-giraudon.pdf\" target=\"_blank\" rel=\"noreferrer noopener\">Mimologismes d\u2019oiseaux &#8211; Al loened o komz<\/a> &#8211; Le tr\u00e9sor du breton rim\u00e9 &#8211; Daniel Giraudon &#8211; Ed. Coop Breizh, 2011<br><em>Daniel Giraudon donne ici la parole aux animaux, aux objets inanim\u00e9s, et surtout aux oiseaux : les Bretons n&rsquo;avaient pas besoin de les mettre en cage pour conna\u00eetre et reconna\u00eetre leurs chants !<\/em><\/p>\n<\/div>\n\n\n\n<div class=\"wp-block-column is-layout-flow wp-block-column-is-layout-flow\" style=\"flex-basis:33.33%\">\n<figure class=\"wp-block-image size-full\"><img loading=\"lazy\" decoding=\"async\" width=\"166\" height=\"240\" src=\"http:\/\/serinettes.fr\/wp-content\/uploads\/2025\/08\/8714640.jpg\" alt=\"\" class=\"wp-image-752\"\/><\/figure>\n<\/div>\n<\/div>\n\n\n\n<div class=\"wp-block-columns is-layout-flex wp-container-core-columns-is-layout-9d6595d7 wp-block-columns-is-layout-flex\">\n<div class=\"wp-block-column is-layout-flow wp-block-column-is-layout-flow\" style=\"flex-basis:66.66%\">\n<p><a href=\"https:\/\/danielgiraudon.weebly.com\/uploads\/3\/1\/6\/3\/3163761\/alanig_kof_ruz_cd-dastum-oiseaux_sauvages-brezhoneg.pdf\" target=\"_blank\" rel=\"noreferrer noopener\">Alanig kof ruz (Le Rouge gorge)<\/a> &#8211; Daniel Giraudon &#8211; CD Encyclop\u00e9die Sonore du Tr\u00e9gor-Go\u00eblo vol.9 &#8211; Ed.Dastum Bro-Dreger<br>Collectages et t\u00e9moignages autour des oiseaux, de leurs chants et de leur r\u00e9interpr\u00e9tation en Bretagne<\/p>\n<\/div>\n\n\n\n<div class=\"wp-block-column is-layout-flow wp-block-column-is-layout-flow\" style=\"flex-basis:33.33%\">\n<figure class=\"wp-block-image size-full\"><img loading=\"lazy\" decoding=\"async\" width=\"700\" height=\"620\" src=\"http:\/\/serinettes.fr\/wp-content\/uploads\/2025\/08\/8001925_orig-1.jpg\" alt=\"\" class=\"wp-image-754\" srcset=\"http:\/\/serinettes.fr\/wp-content\/uploads\/2025\/08\/8001925_orig-1.jpg 700w, http:\/\/serinettes.fr\/wp-content\/uploads\/2025\/08\/8001925_orig-1-300x266.jpg 300w\" sizes=\"auto, (max-width: 700px) 100vw, 700px\" \/><\/figure>\n<\/div>\n<\/div>\n\n\n\n<p><\/p>\n","protected":false},"excerpt":{"rendered":"<p>De tous temps, les hommes ont cherch\u00e9 \u00e0 imiter les chants et cris d&rsquo;oiseaux : pour le plaisir d&rsquo;\u00e9voquer leur libert\u00e9 musicale, afin de les attirer dans les filets de la capture ou pour la chasse, par jeu et par plaisir, jusqu&rsquo;aux sources d&rsquo;inspiration d&rsquo;Olivier Messiaen.. Chanteurs d&rsquo;Oiseaux &#8211; Jean Boucault et Johnny Rasse : &hellip; <a href=\"http:\/\/serinettes.fr\/index.php\/chanter-comme-un-oiseau\/\" class=\"more-link\">Continuer la lecture de <span class=\"screen-reader-text\">Chanter comme un oiseau&#8230;<\/span> <span class=\"meta-nav\">&rarr;<\/span><\/a><\/p>\n","protected":false},"author":1,"featured_media":0,"parent":0,"menu_order":0,"comment_status":"closed","ping_status":"closed","template":"","meta":{"footnotes":""},"class_list":["post-750","page","type-page","status-publish","hentry"],"_links":{"self":[{"href":"http:\/\/serinettes.fr\/index.php\/wp-json\/wp\/v2\/pages\/750","targetHints":{"allow":["GET"]}}],"collection":[{"href":"http:\/\/serinettes.fr\/index.php\/wp-json\/wp\/v2\/pages"}],"about":[{"href":"http:\/\/serinettes.fr\/index.php\/wp-json\/wp\/v2\/types\/page"}],"author":[{"embeddable":true,"href":"http:\/\/serinettes.fr\/index.php\/wp-json\/wp\/v2\/users\/1"}],"replies":[{"embeddable":true,"href":"http:\/\/serinettes.fr\/index.php\/wp-json\/wp\/v2\/comments?post=750"}],"version-history":[{"count":1,"href":"http:\/\/serinettes.fr\/index.php\/wp-json\/wp\/v2\/pages\/750\/revisions"}],"predecessor-version":[{"id":756,"href":"http:\/\/serinettes.fr\/index.php\/wp-json\/wp\/v2\/pages\/750\/revisions\/756"}],"wp:attachment":[{"href":"http:\/\/serinettes.fr\/index.php\/wp-json\/wp\/v2\/media?parent=750"}],"curies":[{"name":"wp","href":"https:\/\/api.w.org\/{rel}","templated":true}]}}