{"id":64,"date":"2025-06-17T11:57:19","date_gmt":"2025-06-17T09:57:19","guid":{"rendered":"http:\/\/serinettes.fr\/?page_id=64"},"modified":"2025-09-08T17:55:07","modified_gmt":"2025-09-08T15:55:07","slug":"restaurations","status":"publish","type":"page","link":"http:\/\/serinettes.fr\/index.php\/restaurations\/","title":{"rendered":"Restaurations"},"content":{"rendered":"\n<p>En construction<\/p>\n\n\n\n<p><strong>Xavier Szymczak<\/strong> : un facteur d&rsquo;orgues et expert de la restauration de serinettes :<br><a href=\"https:\/\/www.orgues-xavier-szymczak.com\/\" target=\"_blank\" rel=\"noreferrer noopener\">https:\/\/www.orgues-xavier-szymczak.com\/<\/a><\/p>\n\n\n\n<p><strong>Une restauration<\/strong> pas \u00e0 pas &#8230;<br><a href=\"https:\/\/orguedepp.fr\/serinette.htm\" target=\"_blank\" rel=\"noreferrer noopener\">https:\/\/orguedepp.fr\/serinette.htm<\/a><\/p>\n\n\n\n<p><strong>Pauliphonic :<\/strong> <br>&#8211; <a href=\"https:\/\/pauliphonic.be\/photos\/serinette-jeandel\/\" target=\"_blank\" rel=\"noreferrer noopener\">Une restauration de serinette de <strong>Nicolas Jeandel<\/strong>, illustr\u00e9e<\/a><br>&#8211; <a href=\"https:\/\/pauliphonic.be\/photos\/perroquette-thibouville\/\" target=\"_blank\" rel=\"noreferrer noopener\">Une restauration d&rsquo;une perroquette Thibouville Lamy<\/a><\/p>\n\n\n\n<p><strong>Restauration d&rsquo;une \u00ab\u00a0Curieuse serinette d\u2019une taille r\u00e9duite de moiti\u00e9 sign\u00e9e Pierron &#8211; 1785<\/strong>\u00ab\u00a0<br><a href=\"https:\/\/www.aaimm.org\/temoignages\/curieuse-serinette-dune-taille-reduite-de-moitie-signee-pierron-1785\/1148\/\" target=\"_blank\" rel=\"noreferrer noopener\">Sur le site de l&rsquo;AAIMM &#8211; tr\u00e8s document\u00e9e<\/a><\/p>\n\n\n\n<hr class=\"wp-block-separator has-alpha-channel-opacity\"\/>\n\n\n\n<p><strong>Un clin d&rsquo;oeil \u00e0 Alain Vian<\/strong> (fr\u00e8re de Boris) et \u00e0 sa c\u00e9l\u00e8bre boutique ch\u00e8re aux collectionneurs : serinettes et orgues \u00e0 cylindre lui \u00e9taient familiers&#8230;<\/p>\n\n\n<div class=\"wp-block-image\">\n<figure class=\"aligncenter size-full is-resized\"><img loading=\"lazy\" decoding=\"async\" width=\"793\" height=\"594\" src=\"http:\/\/serinettes.fr\/wp-content\/uploads\/2025\/07\/Alain-Vian.jpg\" alt=\"\" class=\"wp-image-465\" style=\"aspect-ratio:1.335017915662882;width:314px;height:auto\" srcset=\"http:\/\/serinettes.fr\/wp-content\/uploads\/2025\/07\/Alain-Vian.jpg 793w, http:\/\/serinettes.fr\/wp-content\/uploads\/2025\/07\/Alain-Vian-300x225.jpg 300w, http:\/\/serinettes.fr\/wp-content\/uploads\/2025\/07\/Alain-Vian-768x575.jpg 768w\" sizes=\"auto, (max-width: 793px) 100vw, 793px\" \/><\/figure>\n<\/div>\n\n\n<hr class=\"wp-block-separator has-alpha-channel-opacity\"\/>\n\n\n\n<p><\/p>\n","protected":false},"excerpt":{"rendered":"<p>En construction Xavier Szymczak : un facteur d&rsquo;orgues et expert de la restauration de serinettes :https:\/\/www.orgues-xavier-szymczak.com\/ Une restauration pas \u00e0 pas &#8230;https:\/\/orguedepp.fr\/serinette.htm Pauliphonic : &#8211; Une restauration de serinette de Nicolas Jeandel, illustr\u00e9e&#8211; Une restauration d&rsquo;une perroquette Thibouville Lamy Restauration d&rsquo;une \u00ab\u00a0Curieuse serinette d\u2019une taille r\u00e9duite de moiti\u00e9 sign\u00e9e Pierron &#8211; 1785\u00ab\u00a0Sur le site de &hellip; <a href=\"http:\/\/serinettes.fr\/index.php\/restaurations\/\" class=\"more-link\">Continuer la lecture de <span class=\"screen-reader-text\">Restaurations<\/span> <span class=\"meta-nav\">&rarr;<\/span><\/a><\/p>\n","protected":false},"author":1,"featured_media":0,"parent":0,"menu_order":0,"comment_status":"closed","ping_status":"closed","template":"","meta":{"footnotes":""},"class_list":["post-64","page","type-page","status-publish","hentry"],"_links":{"self":[{"href":"http:\/\/serinettes.fr\/index.php\/wp-json\/wp\/v2\/pages\/64","targetHints":{"allow":["GET"]}}],"collection":[{"href":"http:\/\/serinettes.fr\/index.php\/wp-json\/wp\/v2\/pages"}],"about":[{"href":"http:\/\/serinettes.fr\/index.php\/wp-json\/wp\/v2\/types\/page"}],"author":[{"embeddable":true,"href":"http:\/\/serinettes.fr\/index.php\/wp-json\/wp\/v2\/users\/1"}],"replies":[{"embeddable":true,"href":"http:\/\/serinettes.fr\/index.php\/wp-json\/wp\/v2\/comments?post=64"}],"version-history":[{"count":12,"href":"http:\/\/serinettes.fr\/index.php\/wp-json\/wp\/v2\/pages\/64\/revisions"}],"predecessor-version":[{"id":890,"href":"http:\/\/serinettes.fr\/index.php\/wp-json\/wp\/v2\/pages\/64\/revisions\/890"}],"wp:attachment":[{"href":"http:\/\/serinettes.fr\/index.php\/wp-json\/wp\/v2\/media?parent=64"}],"curies":[{"name":"wp","href":"https:\/\/api.w.org\/{rel}","templated":true}]}}