{"id":587,"date":"2025-08-13T10:52:11","date_gmt":"2025-08-13T08:52:11","guid":{"rendered":"http:\/\/serinettes.fr\/?page_id=587"},"modified":"2025-08-30T11:32:05","modified_gmt":"2025-08-30T09:32:05","slug":"etudes","status":"publish","type":"page","link":"http:\/\/serinettes.fr\/index.php\/etudes\/","title":{"rendered":"Etudes modernes"},"content":{"rendered":"\n<p class=\"has-medium-brown-color has-text-color has-link-color has-medium-font-size wp-elements-6b73ac181f2ea545622bba35b8e566b5\"><strong>Sur les serinettes :<\/strong><\/p>\n\n\n\n<ul class=\"wp-block-list\">\n<li><a href=\"https:\/\/recherche-archives.vosges.fr\/ark:\/50275\/vta2a0441c3b1494271\" target=\"_blank\" rel=\"noreferrer noopener\">R\u00e9pertoire d\u00e9taill\u00e9 du fond Evelyne Bon\u00e9tat &#8211; cote 240J &#8211; Archives D\u00e9partementales des Vosges<\/a><\/li>\n<\/ul>\n\n\n\n<p class=\"has-medium-brown-color has-text-color has-link-color has-medium-font-size wp-elements-0cd75af63a8ce040bb6385ad1aa36c1e\"><strong>Sur les oiseaux et leur \u00e9colage :<\/strong><\/p>\n\n\n\n<ul class=\"wp-block-list\">\n<li><a href=\"https:\/\/books.openedition.org\/psorbonne\/89385?lang=fr\" target=\"_blank\" rel=\"noreferrer noopener\">Martine Clouzot et Michel Kreutzer : L\u2019Umwelt des oiseaux. O\u00f9 l\u2019\u00e9thologie s\u2019aide de l\u2019histoire<\/a>, <em>in Croiser les sciences pour lire les animaux<\/em>, sous la direction de \u00c9ric Baratay, \u00c9ditions de la Sorbonne, Paris, 2020<\/li>\n\n\n\n<li><a href=\"https:\/\/www.jmfrance.org\/sites\/default\/files\/2021-11\/annexe_livret_peda_Coucou%20Hibou_Les-oiseaux-imitateurs.pdf\">Alice Julien-Laferri\u00e8re : Les oiseaux imitateurs et leur \u00e9ducation musicale aux XVIIe et XVIIIe si\u00e8cle<\/a> &#8211; en ligne<\/li>\n\n\n\n<li><a href=\"https:\/\/books.openedition.org\/cths\/5167#bodyftn19\" target=\"_blank\" rel=\"noreferrer noopener\">Clotilde Boitard : Les animaux imitateurs au xviii<sup>e<\/sup>\u00a0si\u00e8cle\u00a0: miroir d\u2019une animalit\u00e9 humaine ou d\u2019une humanit\u00e9 conqu\u00e9rante\u00a0?<\/a> &#8211; en ligne<\/li>\n<\/ul>\n\n\n\n<p class=\"has-medium-brown-color has-text-color has-link-color has-medium-font-size wp-elements-e50e0022f3ef30e3d534408e7c245902\"><strong>Les oiseaux dans les salons du 18\u00e8 s. :<\/strong><\/p>\n\n\n\n<p>Ren\u00e9 D\u00e9moris, <em>\u201cL\u2019Oiseau et sa cage en peinture,\u201d<\/em> dans Esth\u00e9tique et po\u00e9tique de l\u2019objet au XVIIIe si\u00e8cle&nbsp;\u00bb, Presses Univ de Bordeaux, 2005<\/p>\n\n\n\n<p><\/p>\n","protected":false},"excerpt":{"rendered":"<p>Sur les serinettes : Sur les oiseaux et leur \u00e9colage : Les oiseaux dans les salons du 18\u00e8 s. : Ren\u00e9 D\u00e9moris, \u201cL\u2019Oiseau et sa cage en peinture,\u201d dans Esth\u00e9tique et po\u00e9tique de l\u2019objet au XVIIIe si\u00e8cle&nbsp;\u00bb, Presses Univ de Bordeaux, 2005<\/p>\n","protected":false},"author":1,"featured_media":0,"parent":0,"menu_order":0,"comment_status":"closed","ping_status":"closed","template":"","meta":{"footnotes":""},"class_list":["post-587","page","type-page","status-publish","hentry"],"_links":{"self":[{"href":"http:\/\/serinettes.fr\/index.php\/wp-json\/wp\/v2\/pages\/587","targetHints":{"allow":["GET"]}}],"collection":[{"href":"http:\/\/serinettes.fr\/index.php\/wp-json\/wp\/v2\/pages"}],"about":[{"href":"http:\/\/serinettes.fr\/index.php\/wp-json\/wp\/v2\/types\/page"}],"author":[{"embeddable":true,"href":"http:\/\/serinettes.fr\/index.php\/wp-json\/wp\/v2\/users\/1"}],"replies":[{"embeddable":true,"href":"http:\/\/serinettes.fr\/index.php\/wp-json\/wp\/v2\/comments?post=587"}],"version-history":[{"count":5,"href":"http:\/\/serinettes.fr\/index.php\/wp-json\/wp\/v2\/pages\/587\/revisions"}],"predecessor-version":[{"id":805,"href":"http:\/\/serinettes.fr\/index.php\/wp-json\/wp\/v2\/pages\/587\/revisions\/805"}],"wp:attachment":[{"href":"http:\/\/serinettes.fr\/index.php\/wp-json\/wp\/v2\/media?parent=587"}],"curies":[{"name":"wp","href":"https:\/\/api.w.org\/{rel}","templated":true}]}}