{"id":563,"date":"2025-08-13T10:05:07","date_gmt":"2025-08-13T08:05:07","guid":{"rendered":"http:\/\/serinettes.fr\/?page_id=563"},"modified":"2025-08-30T11:27:17","modified_gmt":"2025-08-30T09:27:17","slug":"g-p-olina-flageolet-vs-serinette-1774","status":"publish","type":"page","link":"http:\/\/serinettes.fr\/index.php\/g-p-olina-flageolet-vs-serinette-1774\/","title":{"rendered":"Ecolage des oiseaux au XVIII\u00e8 si\u00e8cle"},"content":{"rendered":"<div class=\"wp-block-image\">\n<figure class=\"aligncenter size-full\"><img loading=\"lazy\" decoding=\"async\" width=\"404\" height=\"103\" src=\"http:\/\/serinettes.fr\/wp-content\/uploads\/2025\/08\/image-65.png\" alt=\"\" class=\"wp-image-799\" srcset=\"http:\/\/serinettes.fr\/wp-content\/uploads\/2025\/08\/image-65.png 404w, http:\/\/serinettes.fr\/wp-content\/uploads\/2025\/08\/image-65-300x76.png 300w\" sizes=\"auto, (max-width: 404px) 100vw, 404px\" \/><figcaption class=\"wp-element-caption\"><em>\u00ab\u00a0Effets \u00e0 Vendre\u00a0\u00bb<\/em> <br>Le Journal de Guienne, le 30 octobre 1789, n<sup>o<\/sup>\u00a0303, <br>B.M. Bordeaux, cote\u00a0H 3442\/11 R\u00e9s.<\/figcaption><\/figure>\n<\/div>\n\n\n<p class=\"has-medium-font-size\" id=\"LISTE\">L&rsquo;<strong><em>\u00e9colage<\/em><\/strong> consiste \u00e0 donner des \u00ab\u00a0cours de chant\u00a0\u00bb aux jeunes m\u00e2les de l&rsquo;ann\u00e9e. La serinette et le flageolet d&rsquo;oiseau sont les principaux auxiliaires de cet apprentissage qui commence apr\u00e8s la premi\u00e8re mue.<\/p>\n\n\n\n<ul class=\"wp-block-list\">\n<li><strong>1751<\/strong> : <a href=\"#AEDOLOGIE\" data-type=\"internal\" data-id=\"#AEDOLOGIE\"><strong>Louis Daniel Arnault de Nobleville &#8211; A\u00ebdologie, ou Trait\u00e9 du Rossignol franc ou chanteur<\/strong><\/a><\/li>\n\n\n\n<li><strong>1774<\/strong> : <strong><a href=\"#OLINA\">Giovanni Pietro OLINA &#8211; Les amusements innocens ou trait\u00e9 des oiseaux de voli\u00e8re ou le parfait oiseleur<\/a><\/strong><\/li>\n\n\n\n<li><strong>1778<\/strong> : <strong><a href=\"#BULLIARD\" data-type=\"internal\" data-id=\"#BULLIARD\"><strong>Pierre BULLIARD<\/strong> &#8211; Aviceptologie fran\u00e7oise<\/a><\/strong>, ou Trait\u00e9 g\u00e9n\u00e9ral de toutes les ruses dont on peut se servir pour prendre les oiseaux qui se trouvent en France. Paris, Didot, <\/li>\n\n\n\n<li><strong>1785<\/strong> : <a href=\"#CHANTELOUP\"><strong>Jean-Claude Hervieux de Chanteloup (1683-1747)<\/strong> : <strong>Nouveau trait\u00e9 des serins de Canarie<\/strong><\/a>, contenant la mani\u00e8re de les conno\u00eetre &amp; de les \u00e9lever ; leurs inclinations, leurs maladies, &amp; les rem\u00e8des qu\u2019il faut observer pour les gu\u00e9rir . Par M. J.-C. Hervieux de Chanteloup. Nouvelle \u00e9dition, \u00e0 laquelle on a joint le Trait\u00e9 du rossignol &amp; des petits oiseaux de voli\u00e8re \u2013 \u00e9dition 1785<br><a href=\"https:\/\/gallica.bnf.fr\/ark:\/12148\/bpt6k9658312c\" target=\"_blank\" rel=\"noreferrer noopener\">T\u00e9l\u00e9chargeable sur gallica.bnf.fr<\/a><\/li>\n\n\n\n<li><strong>1818<\/strong> :<strong> <a href=\"#AUDOT\" data-type=\"internal\" data-id=\"#AUDOT\">Audot Editeur : Trait\u00e9 des oiseaux de chant<\/a><\/strong>, 1818<\/li>\n<\/ul>\n\n\n\n<p><em>En suivant ces auteurs, la serinette et le flageolet d&rsquo;oiseau et sont utilis\u00e9s de mani\u00e8re compl\u00e9mentaire ou indiff\u00e9renci\u00e9e quant aux r\u00e9sultats<\/em><\/p>\n\n\n\n<hr class=\"wp-block-separator has-alpha-channel-opacity\"\/>\n\n\n\n<div class=\"wp-block-columns is-layout-flex wp-container-core-columns-is-layout-9d6595d7 wp-block-columns-is-layout-flex\">\n<div class=\"wp-block-column is-layout-flow wp-block-column-is-layout-flow\">\n<figure class=\"wp-block-image size-full\" id=\"AEDOLOGIE\"><img loading=\"lazy\" decoding=\"async\" width=\"360\" height=\"618\" src=\"http:\/\/serinettes.fr\/wp-content\/uploads\/2025\/08\/image-51.png\" alt=\"\" class=\"wp-image-730\" srcset=\"http:\/\/serinettes.fr\/wp-content\/uploads\/2025\/08\/image-51.png 360w, http:\/\/serinettes.fr\/wp-content\/uploads\/2025\/08\/image-51-175x300.png 175w\" sizes=\"auto, (max-width: 360px) 100vw, 360px\" \/><\/figure>\n<\/div>\n\n\n\n<div class=\"wp-block-column is-layout-flow wp-block-column-is-layout-flow\">\n<p class=\"has-red-color has-text-color has-link-color has-medium-font-size wp-elements-2619b99bac56771dea81160e7225744f\"><strong>Louis Daniel Arnault de Nobleville &#8211; A\u00ebdologie, ou Trait\u00e9 du Rossignol franc ou chanteur<\/strong> &#8211; <strong>1751<\/strong> :<\/p>\n\n\n\n<p class=\"has-medium-font-size\">Pr\u00e9conisant le flageolet et la serinette, l&rsquo;auteur envisage une <strong><em>rossignolette <\/em><\/strong>propre \u00e0 cet oiseau<\/p>\n<\/div>\n<\/div>\n\n\n\n<p class=\"has-red-color has-text-color has-link-color wp-elements-f805498dedd45b86687626b457b7aa14\"><strong>Flageolet, serinette et \u00ab\u00a0rossignolette\u00a0\u00bb &#8211; p.87-90<\/strong><\/p>\n\n\n\n<div class=\"wp-block-columns is-layout-flex wp-container-core-columns-is-layout-9d6595d7 wp-block-columns-is-layout-flex\">\n<div class=\"wp-block-column is-layout-flow wp-block-column-is-layout-flow\">\n<figure class=\"wp-block-image size-full\"><img loading=\"lazy\" decoding=\"async\" width=\"321\" height=\"400\" src=\"http:\/\/serinettes.fr\/wp-content\/uploads\/2025\/08\/image-52.png\" alt=\"\" class=\"wp-image-733\" srcset=\"http:\/\/serinettes.fr\/wp-content\/uploads\/2025\/08\/image-52.png 321w, http:\/\/serinettes.fr\/wp-content\/uploads\/2025\/08\/image-52-241x300.png 241w\" sizes=\"auto, (max-width: 321px) 100vw, 321px\" \/><\/figure>\n<\/div>\n\n\n\n<div class=\"wp-block-column is-layout-flow wp-block-column-is-layout-flow\">\n<figure class=\"wp-block-image size-full\"><img loading=\"lazy\" decoding=\"async\" width=\"302\" height=\"533\" src=\"http:\/\/serinettes.fr\/wp-content\/uploads\/2025\/08\/image-53.png\" alt=\"\" class=\"wp-image-734\" srcset=\"http:\/\/serinettes.fr\/wp-content\/uploads\/2025\/08\/image-53.png 302w, http:\/\/serinettes.fr\/wp-content\/uploads\/2025\/08\/image-53-170x300.png 170w\" sizes=\"auto, (max-width: 302px) 100vw, 302px\" \/><\/figure>\n<\/div>\n<\/div>\n\n\n\n<div class=\"wp-block-columns is-layout-flex wp-container-core-columns-is-layout-9d6595d7 wp-block-columns-is-layout-flex\">\n<div class=\"wp-block-column is-layout-flow wp-block-column-is-layout-flow\" style=\"flex-basis:66.66%\">\n<figure class=\"wp-block-image size-full\"><img loading=\"lazy\" decoding=\"async\" width=\"336\" height=\"779\" src=\"http:\/\/serinettes.fr\/wp-content\/uploads\/2025\/08\/image-55.png\" alt=\"\" class=\"wp-image-736\" srcset=\"http:\/\/serinettes.fr\/wp-content\/uploads\/2025\/08\/image-55.png 336w, http:\/\/serinettes.fr\/wp-content\/uploads\/2025\/08\/image-55-129x300.png 129w\" sizes=\"auto, (max-width: 336px) 100vw, 336px\" \/><\/figure>\n<\/div>\n\n\n\n<div class=\"wp-block-column is-layout-flow wp-block-column-is-layout-flow\" style=\"flex-basis:33.33%\"><\/div>\n<\/div>\n\n\n<div class=\"wp-block-image\">\n<figure class=\"aligncenter size-full\"><a href=\"#LISTE\"><img loading=\"lazy\" decoding=\"async\" width=\"60\" height=\"60\" src=\"http:\/\/serinettes.fr\/wp-content\/uploads\/2025\/08\/image-64.png\" alt=\"\" class=\"wp-image-792\"\/><\/a><\/figure>\n<\/div>\n\n\n<div class=\"wp-block-columns is-layout-flex wp-container-core-columns-is-layout-9d6595d7 wp-block-columns-is-layout-flex\">\n<div class=\"wp-block-column is-layout-flow wp-block-column-is-layout-flow\">\n<figure class=\"wp-block-image size-full\" id=\"OLINA\"><img loading=\"lazy\" decoding=\"async\" width=\"401\" height=\"736\" src=\"http:\/\/serinettes.fr\/wp-content\/uploads\/2025\/08\/Couverture.jpg\" alt=\"\" class=\"wp-image-567\" srcset=\"http:\/\/serinettes.fr\/wp-content\/uploads\/2025\/08\/Couverture.jpg 401w, http:\/\/serinettes.fr\/wp-content\/uploads\/2025\/08\/Couverture-163x300.jpg 163w\" sizes=\"auto, (max-width: 401px) 100vw, 401px\" \/><\/figure>\n<\/div>\n\n\n\n<div class=\"wp-block-column is-layout-flow wp-block-column-is-layout-flow\">\n<p><\/p>\n\n\n\n<p class=\"has-red-color has-text-color has-link-color has-medium-font-size wp-elements-b5bc3f3381f904d15996563d6eaf05ea\"><strong>Giovanni Pietro OLINA, Les amusements innocens ou trait\u00e9 des oiseaux de voli\u00e8re ou le parfait oiseleur <\/strong>: <\/p>\n\n\n\n<p class=\"has-medium-font-size\">Ouvrage publi\u00e9 en<strong> 1774<\/strong>, chez Didot, Paris : des conseils sont donn\u00e9s pour l&rsquo;\u00e9colage (l&rsquo;\u00e9ducation du chant) pour trois esp\u00e8ces d&rsquo;oiseau :<br>&#8211; le rossignol<br>&#8211; le serin de Canarie<br>&#8211; la linotte<\/p>\n\n\n\n<p class=\"has-medium-font-size\"><br><\/p>\n<\/div>\n<\/div>\n\n\n\n<p class=\"has-red-color has-text-color has-link-color has-medium-font-size wp-elements-b9b6b68dde44fa1fefa0fd2abae5f530\"><strong>Le rossignol, p.28-29<\/strong><\/p>\n\n\n\n<figure class=\"wp-block-image size-full\"><img loading=\"lazy\" decoding=\"async\" width=\"430\" height=\"621\" src=\"http:\/\/serinettes.fr\/wp-content\/uploads\/2025\/08\/Rossignol-p28.jpg\" alt=\"\" class=\"wp-image-564\" srcset=\"http:\/\/serinettes.fr\/wp-content\/uploads\/2025\/08\/Rossignol-p28.jpg 430w, http:\/\/serinettes.fr\/wp-content\/uploads\/2025\/08\/Rossignol-p28-208x300.jpg 208w\" sizes=\"auto, (max-width: 430px) 100vw, 430px\" \/><\/figure>\n\n\n\n<p class=\"has-red-color has-text-color has-link-color has-medium-font-size wp-elements-93eaa963f6501637689e773f804bd070\"><strong>Le Serin de Canarie, p.77-78<\/strong><\/p>\n\n\n\n<figure class=\"wp-block-image size-full\"><img loading=\"lazy\" decoding=\"async\" width=\"384\" height=\"868\" src=\"http:\/\/serinettes.fr\/wp-content\/uploads\/2025\/08\/Serin-de-Canarie-p77.jpg\" alt=\"\" class=\"wp-image-565\" srcset=\"http:\/\/serinettes.fr\/wp-content\/uploads\/2025\/08\/Serin-de-Canarie-p77.jpg 384w, http:\/\/serinettes.fr\/wp-content\/uploads\/2025\/08\/Serin-de-Canarie-p77-133x300.jpg 133w\" sizes=\"auto, (max-width: 384px) 100vw, 384px\" \/><\/figure>\n\n\n\n<p class=\"has-red-color has-text-color has-link-color has-medium-font-size wp-elements-e3f3432d9baa5e8068c5fcc844d86a62\"><strong>La linotte &#8211; p.119<\/strong><\/p>\n\n\n\n<figure class=\"wp-block-image size-full\"><img loading=\"lazy\" decoding=\"async\" width=\"444\" height=\"326\" src=\"http:\/\/serinettes.fr\/wp-content\/uploads\/2025\/08\/Linotte.jpg\" alt=\"\" class=\"wp-image-566\" srcset=\"http:\/\/serinettes.fr\/wp-content\/uploads\/2025\/08\/Linotte.jpg 444w, http:\/\/serinettes.fr\/wp-content\/uploads\/2025\/08\/Linotte-300x220.jpg 300w\" sizes=\"auto, (max-width: 444px) 100vw, 444px\" \/><\/figure>\n\n\n<div class=\"wp-block-image\">\n<figure class=\"aligncenter size-full\"><a href=\"#LISTE\"><img loading=\"lazy\" decoding=\"async\" width=\"60\" height=\"60\" src=\"http:\/\/serinettes.fr\/wp-content\/uploads\/2025\/08\/image-64.png\" alt=\"\" class=\"wp-image-792\"\/><\/a><\/figure>\n<\/div>\n\n\n<hr class=\"wp-block-separator has-alpha-channel-opacity\"\/>\n\n\n\n<p><\/p>\n\n\n\n<div class=\"wp-block-columns is-layout-flex wp-container-core-columns-is-layout-9d6595d7 wp-block-columns-is-layout-flex\">\n<div class=\"wp-block-column is-layout-flow wp-block-column-is-layout-flow\">\n<figure class=\"wp-block-image size-full\" id=\"BULLIARD\"><img loading=\"lazy\" decoding=\"async\" width=\"428\" height=\"681\" src=\"http:\/\/serinettes.fr\/wp-content\/uploads\/2025\/08\/image-18.png\" alt=\"\" class=\"wp-image-599\" srcset=\"http:\/\/serinettes.fr\/wp-content\/uploads\/2025\/08\/image-18.png 428w, http:\/\/serinettes.fr\/wp-content\/uploads\/2025\/08\/image-18-189x300.png 189w\" sizes=\"auto, (max-width: 428px) 100vw, 428px\" \/><\/figure>\n<\/div>\n\n\n\n<div class=\"wp-block-column is-layout-flow wp-block-column-is-layout-flow\">\n<p class=\"has-red-color has-text-color has-link-color has-medium-font-size wp-elements-bcc0e56c87672c0c0bac936598c0ab84\"><strong>Pierre BULLIARD<\/strong> &#8211; <strong>Aviceptologie fran\u00e7oise, ou Trait\u00e9 g\u00e9n\u00e9ral de toutes les ruses dont on peut se servir pour prendre les oiseaux qui se trouvent en France. Paris, Didot, 1778<\/strong><\/p>\n<\/div>\n<\/div>\n\n\n\n<p class=\"has-red-color has-text-color has-link-color has-medium-font-size wp-elements-5ff6aa76f214366df0eecc4d4c671fd6\"><strong>L&rsquo;Etourneau &#8211; p.344<\/strong><\/p>\n\n\n\n<figure class=\"wp-block-image size-full is-resized\"><img loading=\"lazy\" decoding=\"async\" width=\"401\" height=\"108\" src=\"http:\/\/serinettes.fr\/wp-content\/uploads\/2025\/08\/Etourneau-p344-1.jpg\" alt=\"\" class=\"wp-image-579\" style=\"width:469px;height:auto\" srcset=\"http:\/\/serinettes.fr\/wp-content\/uploads\/2025\/08\/Etourneau-p344-1.jpg 401w, http:\/\/serinettes.fr\/wp-content\/uploads\/2025\/08\/Etourneau-p344-1-300x81.jpg 300w\" sizes=\"auto, (max-width: 401px) 100vw, 401px\" \/><\/figure>\n\n\n\n<p class=\"has-red-color has-text-color has-link-color has-medium-font-size wp-elements-0555e3a2781482df28fcd38ff27773c1\"><strong>La Linotte &#8211; p.352<\/strong><\/p>\n\n\n\n<figure class=\"wp-block-image size-full is-resized\"><img loading=\"lazy\" decoding=\"async\" width=\"401\" height=\"157\" src=\"http:\/\/serinettes.fr\/wp-content\/uploads\/2025\/08\/Linotte-p352.jpg\" alt=\"\" class=\"wp-image-577\" style=\"width:466px;height:auto\" srcset=\"http:\/\/serinettes.fr\/wp-content\/uploads\/2025\/08\/Linotte-p352.jpg 401w, http:\/\/serinettes.fr\/wp-content\/uploads\/2025\/08\/Linotte-p352-300x117.jpg 300w\" sizes=\"auto, (max-width: 401px) 100vw, 401px\" \/><\/figure>\n\n\n<div class=\"wp-block-image\">\n<figure class=\"aligncenter size-full\"><a href=\"#LISTE\"><img loading=\"lazy\" decoding=\"async\" width=\"60\" height=\"60\" src=\"http:\/\/serinettes.fr\/wp-content\/uploads\/2025\/08\/image-64.png\" alt=\"\" class=\"wp-image-792\"\/><\/a><\/figure>\n<\/div>\n\n\n<hr class=\"wp-block-separator has-alpha-channel-opacity\"\/>\n\n\n\n<div class=\"wp-block-columns is-layout-flex wp-container-core-columns-is-layout-9d6595d7 wp-block-columns-is-layout-flex\">\n<div class=\"wp-block-column is-layout-flow wp-block-column-is-layout-flow\">\n<figure class=\"wp-block-image size-full\" id=\"CHANTELOUP\"><img loading=\"lazy\" decoding=\"async\" width=\"421\" height=\"732\" src=\"http:\/\/serinettes.fr\/wp-content\/uploads\/2025\/08\/image-19.png\" alt=\"\" class=\"wp-image-600\" srcset=\"http:\/\/serinettes.fr\/wp-content\/uploads\/2025\/08\/image-19.png 421w, http:\/\/serinettes.fr\/wp-content\/uploads\/2025\/08\/image-19-173x300.png 173w\" sizes=\"auto, (max-width: 421px) 100vw, 421px\" \/><\/figure>\n<\/div>\n\n\n\n<div class=\"wp-block-column is-layout-flow wp-block-column-is-layout-flow\">\n<p class=\"has-red-color has-text-color has-link-color has-medium-font-size wp-elements-20cc38fc06d5fd110088964fcfade390\"><strong>Jean-Claude Hervieux de Chanteloup (1683-1747)<\/strong> :<br><strong>Nouveau trait\u00e9 des serins de Canarie<\/strong>, contenant la mani\u00e8re de les conno\u00eetre &amp; de les \u00e9lever ; leurs inclinations, leurs maladies, &amp; les rem\u00e8des qu\u2019il faut observer pour les gu\u00e9rir . Par M. J.-C. Hervieux de Chanteloup. Nouvelle \u00e9dition, \u00e0 laquelle on a joint le Trait\u00e9 du rossignol &amp; des petits oiseaux de voli\u00e8re \u2013 <strong>\u00e9dition 1785<\/strong><\/p>\n\n\n\n<p class=\"has-red-color has-beige-background-color has-text-color has-background has-link-color wp-elements-b9667b06e7e11d75edf5b15a4aa725a8\"><em><strong>Compte-tenu du nombre d&rsquo;informations , y compris des m\u00e9lodies pour l&rsquo;\u00e9colage et les serinettes, une lecture de l&rsquo;ouvrage vaudra mieux que force citations&#8230; incompl\u00e8tes&#8230;<\/strong><\/em><\/p>\n\n\n\n<p><a href=\"https:\/\/gallica.bnf.fr\/ark:\/12148\/bpt6k9658312c\" target=\"_blank\" rel=\"noreferrer noopener\">T\u00e9l\u00e9chargeable sur gallica.bnf.fr<\/a><\/p>\n<\/div>\n<\/div>\n\n\n<div class=\"wp-block-image\">\n<figure class=\"aligncenter size-full\"><a href=\"#LISTE\"><img loading=\"lazy\" decoding=\"async\" width=\"60\" height=\"60\" src=\"http:\/\/serinettes.fr\/wp-content\/uploads\/2025\/08\/image-64.png\" alt=\"\" class=\"wp-image-792\"\/><\/a><\/figure>\n<\/div>\n\n\n<hr class=\"wp-block-separator has-alpha-channel-opacity\" id=\"AUDOT\"\/>\n\n\n\n<p><\/p>\n\n\n\n<div class=\"wp-block-columns is-layout-flex wp-container-core-columns-is-layout-9d6595d7 wp-block-columns-is-layout-flex\">\n<div class=\"wp-block-column is-layout-flow wp-block-column-is-layout-flow\">\n<figure class=\"wp-block-image size-full\"><img loading=\"lazy\" decoding=\"async\" width=\"390\" height=\"677\" src=\"http:\/\/serinettes.fr\/wp-content\/uploads\/2025\/08\/image-17.png\" alt=\"\" class=\"wp-image-596\" srcset=\"http:\/\/serinettes.fr\/wp-content\/uploads\/2025\/08\/image-17.png 390w, http:\/\/serinettes.fr\/wp-content\/uploads\/2025\/08\/image-17-173x300.png 173w\" sizes=\"auto, (max-width: 390px) 100vw, 390px\" \/><\/figure>\n\n\n\n<p><\/p>\n<\/div>\n\n\n\n<div class=\"wp-block-column is-layout-flow wp-block-column-is-layout-flow\">\n<p class=\"has-medium-font-size\">Autre informateur, en 1818 : <\/p>\n\n\n\n<p class=\"has-red-color has-text-color has-link-color has-medium-font-size wp-elements-0d24292939893274b8a72b89c3b32d34\"><em><strong>Trait\u00e9 des oiseaux de chant, des pigeons de voli\u00e8re, du perroquet, du faisan, du cygne et du paon<\/strong><\/em>, \u00e9dit\u00e9 \u00e0 Paris chez Audot.<\/p>\n\n\n\n<p class=\"has-medium-font-size\">cit\u00e9 dans la page <a href=\"http:\/\/serinettes.fr\/index.php\/flageolet-doiseau\/\">Flageolet<\/a> de ce site<br><\/p>\n\n\n\n<p class=\"has-medium-font-size\"><a href=\"https:\/\/gallica.bnf.fr\/ark:\/12148\/bpt6k9688124q.r=Trait%C3%A9%20des%20oiseaux%20de%20chant%2C%20des%20pigeons?rk=21459;2#\" target=\"_blank\" rel=\"noreferrer noopener\">T\u00e9l\u00e9charger sur Gallica<\/a><br><\/p>\n<\/div>\n<\/div>\n\n\n\n<p class=\"has-medium-font-size\"><strong>Serinettes et Flageolets<\/strong><\/p>\n\n\n\n<div class=\"wp-block-columns is-layout-flex wp-container-core-columns-is-layout-9d6595d7 wp-block-columns-is-layout-flex\">\n<div class=\"wp-block-column is-layout-flow wp-block-column-is-layout-flow\" style=\"flex-basis:33.33%\">\n<p class=\"has-red-color has-text-color has-link-color has-medium-font-size wp-elements-605f4720d14b4eda891e92c22be5b931\"><strong>Le serin &#8211; p.64<\/strong><\/p>\n<\/div>\n\n\n\n<div class=\"wp-block-column is-layout-flow wp-block-column-is-layout-flow\" style=\"flex-basis:66.66%\">\n<figure class=\"wp-block-image size-full\"><img loading=\"lazy\" decoding=\"async\" width=\"486\" height=\"392\" src=\"http:\/\/serinettes.fr\/wp-content\/uploads\/2025\/08\/Ser_Fla_Serin-p64.jpg\" alt=\"\" class=\"wp-image-602\" srcset=\"http:\/\/serinettes.fr\/wp-content\/uploads\/2025\/08\/Ser_Fla_Serin-p64.jpg 486w, http:\/\/serinettes.fr\/wp-content\/uploads\/2025\/08\/Ser_Fla_Serin-p64-300x242.jpg 300w\" sizes=\"auto, (max-width: 486px) 100vw, 486px\" \/><\/figure>\n<\/div>\n<\/div>\n\n\n\n<div class=\"wp-block-columns is-layout-flex wp-container-core-columns-is-layout-9d6595d7 wp-block-columns-is-layout-flex\">\n<div class=\"wp-block-column is-layout-flow wp-block-column-is-layout-flow\" style=\"flex-basis:33.33%\">\n<p class=\"has-red-color has-text-color has-link-color has-medium-font-size wp-elements-6e0059f442e97087eb888d071a8ad4af\"><strong>Le serin &#8211; p.73-74<\/strong><\/p>\n<\/div>\n\n\n\n<div class=\"wp-block-column is-layout-flow wp-block-column-is-layout-flow\" style=\"flex-basis:66.66%\">\n<figure class=\"wp-block-image size-full\"><img loading=\"lazy\" decoding=\"async\" width=\"484\" height=\"468\" src=\"http:\/\/serinettes.fr\/wp-content\/uploads\/2025\/08\/Ser_Fla_serin-p73-74.jpg\" alt=\"\" class=\"wp-image-603\" srcset=\"http:\/\/serinettes.fr\/wp-content\/uploads\/2025\/08\/Ser_Fla_serin-p73-74.jpg 484w, http:\/\/serinettes.fr\/wp-content\/uploads\/2025\/08\/Ser_Fla_serin-p73-74-300x290.jpg 300w\" sizes=\"auto, (max-width: 484px) 100vw, 484px\" \/><\/figure>\n<\/div>\n<\/div>\n\n\n\n<div class=\"wp-block-columns is-layout-flex wp-container-core-columns-is-layout-9d6595d7 wp-block-columns-is-layout-flex\">\n<div class=\"wp-block-column is-layout-flow wp-block-column-is-layout-flow\" style=\"flex-basis:33.33%\">\n<p class=\"has-red-color has-text-color has-link-color has-medium-font-size wp-elements-15a96cb51393f02f871621050997c58c\"><strong>Le serin &#8211; p.80<\/strong><\/p>\n<\/div>\n\n\n\n<div class=\"wp-block-column is-layout-flow wp-block-column-is-layout-flow\" style=\"flex-basis:66.66%\">\n<figure class=\"wp-block-image size-full\"><img loading=\"lazy\" decoding=\"async\" width=\"492\" height=\"914\" src=\"http:\/\/serinettes.fr\/wp-content\/uploads\/2025\/08\/Ser_Fla_serin-p80.jpg\" alt=\"\" class=\"wp-image-604\" srcset=\"http:\/\/serinettes.fr\/wp-content\/uploads\/2025\/08\/Ser_Fla_serin-p80.jpg 492w, http:\/\/serinettes.fr\/wp-content\/uploads\/2025\/08\/Ser_Fla_serin-p80-161x300.jpg 161w\" sizes=\"auto, (max-width: 492px) 100vw, 492px\" \/><\/figure>\n<\/div>\n<\/div>\n\n\n\n<div class=\"wp-block-columns is-layout-flex wp-container-core-columns-is-layout-9d6595d7 wp-block-columns-is-layout-flex\">\n<div class=\"wp-block-column is-layout-flow wp-block-column-is-layout-flow\" style=\"flex-basis:33.33%\">\n<p class=\"has-red-color has-text-color has-link-color has-medium-font-size wp-elements-2a07e3e144bd39d3a02810371e59f522\"><strong>La linote &#8211; p.130<\/strong><\/p>\n<\/div>\n\n\n\n<div class=\"wp-block-column is-layout-flow wp-block-column-is-layout-flow\" style=\"flex-basis:66.66%\">\n<figure class=\"wp-block-image size-full\"><img loading=\"lazy\" decoding=\"async\" width=\"482\" height=\"321\" src=\"http:\/\/serinettes.fr\/wp-content\/uploads\/2025\/08\/Ser_linote-p130.jpg\" alt=\"\" class=\"wp-image-605\" srcset=\"http:\/\/serinettes.fr\/wp-content\/uploads\/2025\/08\/Ser_linote-p130.jpg 482w, http:\/\/serinettes.fr\/wp-content\/uploads\/2025\/08\/Ser_linote-p130-300x200.jpg 300w\" sizes=\"auto, (max-width: 482px) 100vw, 482px\" \/><\/figure>\n<\/div>\n<\/div>\n\n\n\n<div class=\"wp-block-columns is-layout-flex wp-container-core-columns-is-layout-9d6595d7 wp-block-columns-is-layout-flex\">\n<div class=\"wp-block-column is-layout-flow wp-block-column-is-layout-flow\" style=\"flex-basis:33.33%\">\n<p class=\"has-red-color has-text-color has-link-color has-medium-font-size wp-elements-2a639a5c2d7b2e4e273b800da24e7f74\"><strong>Le Bouvreuil &#8211; p.144<\/strong><\/p>\n<\/div>\n\n\n\n<div class=\"wp-block-column is-layout-flow wp-block-column-is-layout-flow\" style=\"flex-basis:66.66%\">\n<figure class=\"wp-block-image size-full is-resized\"><img loading=\"lazy\" decoding=\"async\" width=\"311\" height=\"112\" src=\"http:\/\/serinettes.fr\/wp-content\/uploads\/2025\/08\/Fla_Bouveuil-p144.jpg\" alt=\"\" class=\"wp-image-606\" style=\"width:401px;height:auto\" srcset=\"http:\/\/serinettes.fr\/wp-content\/uploads\/2025\/08\/Fla_Bouveuil-p144.jpg 311w, http:\/\/serinettes.fr\/wp-content\/uploads\/2025\/08\/Fla_Bouveuil-p144-300x108.jpg 300w\" sizes=\"auto, (max-width: 311px) 100vw, 311px\" \/><\/figure>\n<\/div>\n<\/div>\n\n\n\n<div class=\"wp-block-columns is-layout-flex wp-container-core-columns-is-layout-9d6595d7 wp-block-columns-is-layout-flex\">\n<div class=\"wp-block-column is-layout-flow wp-block-column-is-layout-flow\" style=\"flex-basis:33.33%\">\n<p class=\"has-red-color has-text-color has-link-color wp-elements-b1abbdc8a29a82bfee775a434cee4920\" style=\"font-size:18px\"><strong>Le Rossignol &#8211; p.165-167<\/strong><\/p>\n<\/div>\n\n\n\n<div class=\"wp-block-column is-layout-flow wp-block-column-is-layout-flow\" style=\"flex-basis:66.66%\">\n<figure class=\"wp-block-image size-large is-resized\"><img loading=\"lazy\" decoding=\"async\" width=\"285\" height=\"1024\" src=\"http:\/\/serinettes.fr\/wp-content\/uploads\/2025\/08\/Ser_Fla_rossignol-p165-167-285x1024.jpg\" alt=\"\" class=\"wp-image-607\" style=\"width:401px;height:auto\" srcset=\"http:\/\/serinettes.fr\/wp-content\/uploads\/2025\/08\/Ser_Fla_rossignol-p165-167-285x1024.jpg 285w, http:\/\/serinettes.fr\/wp-content\/uploads\/2025\/08\/Ser_Fla_rossignol-p165-167-428x1536.jpg 428w, http:\/\/serinettes.fr\/wp-content\/uploads\/2025\/08\/Ser_Fla_rossignol-p165-167.jpg 498w\" sizes=\"auto, (max-width: 285px) 100vw, 285px\" \/><\/figure>\n<\/div>\n<\/div>\n\n\n<div class=\"wp-block-image\">\n<figure class=\"aligncenter size-full\"><a href=\"#LISTE\"><img loading=\"lazy\" decoding=\"async\" width=\"60\" height=\"60\" src=\"http:\/\/serinettes.fr\/wp-content\/uploads\/2025\/08\/image-64.png\" alt=\"\" class=\"wp-image-792\"\/><\/a><\/figure>\n<\/div>\n\n\n<p><\/p>\n","protected":false},"excerpt":{"rendered":"<p>L&rsquo;\u00e9colage consiste \u00e0 donner des \u00ab\u00a0cours de chant\u00a0\u00bb aux jeunes m\u00e2les de l&rsquo;ann\u00e9e. La serinette et le flageolet d&rsquo;oiseau sont les principaux auxiliaires de cet apprentissage qui commence apr\u00e8s la premi\u00e8re mue. En suivant ces auteurs, la serinette et le flageolet d&rsquo;oiseau et sont utilis\u00e9s de mani\u00e8re compl\u00e9mentaire ou indiff\u00e9renci\u00e9e quant aux r\u00e9sultats Louis Daniel &hellip; <a href=\"http:\/\/serinettes.fr\/index.php\/g-p-olina-flageolet-vs-serinette-1774\/\" class=\"more-link\">Continuer la lecture de <span class=\"screen-reader-text\">Ecolage des oiseaux au XVIII\u00e8 si\u00e8cle<\/span> <span class=\"meta-nav\">&rarr;<\/span><\/a><\/p>\n","protected":false},"author":1,"featured_media":0,"parent":0,"menu_order":0,"comment_status":"closed","ping_status":"closed","template":"","meta":{"footnotes":""},"class_list":["post-563","page","type-page","status-publish","hentry"],"_links":{"self":[{"href":"http:\/\/serinettes.fr\/index.php\/wp-json\/wp\/v2\/pages\/563","targetHints":{"allow":["GET"]}}],"collection":[{"href":"http:\/\/serinettes.fr\/index.php\/wp-json\/wp\/v2\/pages"}],"about":[{"href":"http:\/\/serinettes.fr\/index.php\/wp-json\/wp\/v2\/types\/page"}],"author":[{"embeddable":true,"href":"http:\/\/serinettes.fr\/index.php\/wp-json\/wp\/v2\/users\/1"}],"replies":[{"embeddable":true,"href":"http:\/\/serinettes.fr\/index.php\/wp-json\/wp\/v2\/comments?post=563"}],"version-history":[{"count":29,"href":"http:\/\/serinettes.fr\/index.php\/wp-json\/wp\/v2\/pages\/563\/revisions"}],"predecessor-version":[{"id":801,"href":"http:\/\/serinettes.fr\/index.php\/wp-json\/wp\/v2\/pages\/563\/revisions\/801"}],"wp:attachment":[{"href":"http:\/\/serinettes.fr\/index.php\/wp-json\/wp\/v2\/media?parent=563"}],"curies":[{"name":"wp","href":"https:\/\/api.w.org\/{rel}","templated":true}]}}