{"id":483,"date":"2025-08-06T15:08:34","date_gmt":"2025-08-06T13:08:34","guid":{"rendered":"http:\/\/serinettes.fr\/?page_id=483"},"modified":"2025-08-06T15:13:05","modified_gmt":"2025-08-06T13:13:05","slug":"de-la-serinette-a-lorgue-de-foire-francoise-dussour","status":"publish","type":"page","link":"http:\/\/serinettes.fr\/index.php\/de-la-serinette-a-lorgue-de-foire-francoise-dussour\/","title":{"rendered":"Les orgues m\u00e9caniques de Mirecourt &#8211; Fran\u00e7oise Dussour"},"content":{"rendered":"\n<p><em>Publi\u00e9 avec l&rsquo;aimable autorisation de Mme Fran\u00e7oise Dussour<\/em><\/p>\n\n\n\n<p class=\"has-text-align-left\">C\u2019est en Lorraine qu\u2019apparut au d\u00e9but du XVIIIe si\u00e8cle la turlutaine ou serinette. Vraisemblablement inspir\u00e9e par une mode de la Cour du Roi Stanislas de Nancy, elle fut fabriqu\u00e9e principalement \u00e0 Mirecourt. Si bien d\u00e9crite dans l\u2019\u00a0\u00bbArt du facteur d\u2019orgues\u00a0\u00bb de dom <a href=\"https:\/\/fr.wikipedia.org\/wiki\/Dom_B%C3%A9dos_de_Celles\" target=\"_blank\" rel=\"noreferrer noopener\">Bedos de Celle<\/a> (1766), ce petit orgue \u00e0 tuyaux d\u2019\u00e9tain, muni d\u2019un cylindre point\u00e9 actionn\u00e9 par une manivelle, fut tout d\u2019abord destin\u00e9 \u00e0 donner la le\u00e7on de musique aux serins de Canaris, qui \u00e9taient alors en vogue dans la noblesse et la grande bourgeoise. Dans son \u00ab\u00a0Trait\u00e9 des serins\u00a0\u00bb, Hervieux de Chanteloup (1745) indique la fa\u00e7on tr\u00e8s d\u00e9taill\u00e9e de s\u2019en servir.<br>Les noms de Bennard (1708-1769), N.Gavot (+ 1774), D. Bourdot (+ 1761) sont parmi les plus c\u00e9l\u00e8bres des facteurs de turlutaines de Mirecourt. En 1737 d\u00e9j\u00e0, la serinette se trouvait en bonne place chez le sieur Louis-Pierre Alba \u00ab\u00a0sur une table de jeu entre des fauteuils au point de Hongrie\u00a0\u00bb.<br>Puis l\u2019usage se vulgarisa et l\u2019on s\u2019int\u00e9ressa \u00e0 d\u2019autres oiseaux moins fragiles qui pouvaient poss\u00e9der des dons musicaux, comme le bouvreuil et le merle, ce qui provoqua la facture de petits orgues \u00e0 deux ou trois registres nomm\u00e9s Pionne , Merline ou Bouvrette et Perroquette. Cette derni\u00e8re n\u2019ayant rien \u00e0 voir avec le perroquet, sinon qu\u2019elle \u00e9tait plus importante que les deux pr\u00e9c\u00e9dentes ! Les genres musicaux \u00e9volu\u00e8rent aux fils des ann\u00e9es : au XVIIIe si\u00e8cle les r\u00e9pertoires mentionnaient surtout des marches, des pr\u00e9ludes, des gigues, des menuets. Par la suite se seront des airs de vaudeville et enfin des airs populaires et enfantins. Les derni\u00e8res produites peu avant 1914 \u00e9taient m\u00eame vendues comme jouets dans les catalogues \u00ab Manufrance \u00bb ! Fin XVIIIe et d\u00e9but XIXe si\u00e8cle se d\u00e9veloppa alors une grande activit\u00e9 de facture d\u2019orgues de salon \u00e0 cylindre de toutes tailles et de tous usages. Des registres de tuyaux en bois furent alors ajout\u00e9s permettant des sonorit\u00e9s plus riches. Certains re\u00e7urent m\u00eame des registres de trompettes en bois ou en laiton, ainsi que des percussions. Certains orgues m\u00e9caniques furent construit pour l\u2019usage religieux, sur la demande du clerg\u00e9 : orgues \u00e0 cylindre (Moussey) ou \u00e0 double usage cylindre et clavier manuel. Nicolas Antoine L\u00e9t\u00e9 (1793-1872), Didier Poirot (1806-1894) ou Cl\u00e9ment-Dumont associ\u00e9s en 1832, en furent les plus c\u00e9l\u00e8bres facteurs. Dans la seconde moiti\u00e9 du XIXe si\u00e8cle en plus de la facture de petits orgues de rue, apparut aujourd\u2019hui le Concert Militaire. Comme son nom l\u2019indique il avait une fonction de fanfare et \u00e9tait particuli\u00e8rement garni de trompettes, cornets et fifres, tambour et cymbale, avec un r\u00e9pertoire principalement compos\u00e9 de marches, de quadrilles et de valses.<br>Ces instruments pouvaient tout aussi bien \u00eatre utilis\u00e9s dans de grandes salles, des pavillons de musique que plus tard mont\u00e9s sur des galopants ou carrousels. La fabrique Poirot Fr\u00e8res de Mirecourt \u00e9tait r\u00e9put\u00e9e pour ce type d\u2019orgues et a produit \u00e0 cette \u00e9poque ses plus beaux mod\u00e8les avec fa\u00e7ades sculpt\u00e9es et automates. Si, jusque l\u00e0, tous ces orgues avaient fonctionn\u00e9 gr\u00e2ce au syst\u00e8me du cylindre point\u00e9, une r\u00e9volution apparut avec l\u2019application par Gavioli, peu avant 1900, du carton perfor\u00e9 emprunt\u00e9 aux m\u00e9tiers dit Jacquard. Ce syst\u00e8me fut aussit\u00f4t adopt\u00e9 par les grandes maisons parisiennes de facture d\u2019orgues de foire de m\u00eame que par Poirot Fr\u00e8res \u00e0 Mirecourt.<br>Cependant, l\u2019atelier Poirot, avec son dernier repr\u00e9sentant Georges Poirot(1896-1954) continua de produire de petites orgues \u00e0 cylindre, mais surtout de r\u00e9parer toutes sortes d\u2019instruments m\u00e9caniques de foire ou de rue, tant fran\u00e7ais qu\u2019\u00e9trangers. L\u2019activit\u00e9 de facture d\u2019orgues m\u00e9canique \u00e0 Mirecourt s\u2019arr\u00eata \u00e0 la mort de Georges Poirot en 1954, elle avait dur\u00e9 pr\u00e8s de deux si\u00e8cles et demi.<\/p>\n\n\n\n<p><\/p>\n","protected":false},"excerpt":{"rendered":"<p>Publi\u00e9 avec l&rsquo;aimable autorisation de Mme Fran\u00e7oise Dussour C\u2019est en Lorraine qu\u2019apparut au d\u00e9but du XVIIIe si\u00e8cle la turlutaine ou serinette. Vraisemblablement inspir\u00e9e par une mode de la Cour du Roi Stanislas de Nancy, elle fut fabriqu\u00e9e principalement \u00e0 Mirecourt. Si bien d\u00e9crite dans l\u2019\u00a0\u00bbArt du facteur d\u2019orgues\u00a0\u00bb de dom Bedos de Celle (1766), ce &hellip; <a href=\"http:\/\/serinettes.fr\/index.php\/de-la-serinette-a-lorgue-de-foire-francoise-dussour\/\" class=\"more-link\">Continuer la lecture de <span class=\"screen-reader-text\">Les orgues m\u00e9caniques de Mirecourt &#8211; Fran\u00e7oise Dussour<\/span> <span class=\"meta-nav\">&rarr;<\/span><\/a><\/p>\n","protected":false},"author":1,"featured_media":0,"parent":0,"menu_order":0,"comment_status":"closed","ping_status":"closed","template":"","meta":{"footnotes":""},"class_list":["post-483","page","type-page","status-publish","hentry"],"_links":{"self":[{"href":"http:\/\/serinettes.fr\/index.php\/wp-json\/wp\/v2\/pages\/483","targetHints":{"allow":["GET"]}}],"collection":[{"href":"http:\/\/serinettes.fr\/index.php\/wp-json\/wp\/v2\/pages"}],"about":[{"href":"http:\/\/serinettes.fr\/index.php\/wp-json\/wp\/v2\/types\/page"}],"author":[{"embeddable":true,"href":"http:\/\/serinettes.fr\/index.php\/wp-json\/wp\/v2\/users\/1"}],"replies":[{"embeddable":true,"href":"http:\/\/serinettes.fr\/index.php\/wp-json\/wp\/v2\/comments?post=483"}],"version-history":[{"count":3,"href":"http:\/\/serinettes.fr\/index.php\/wp-json\/wp\/v2\/pages\/483\/revisions"}],"predecessor-version":[{"id":489,"href":"http:\/\/serinettes.fr\/index.php\/wp-json\/wp\/v2\/pages\/483\/revisions\/489"}],"wp:attachment":[{"href":"http:\/\/serinettes.fr\/index.php\/wp-json\/wp\/v2\/media?parent=483"}],"curies":[{"name":"wp","href":"https:\/\/api.w.org\/{rel}","templated":true}]}}