{"id":454,"date":"2025-07-02T13:46:57","date_gmt":"2025-07-02T11:46:57","guid":{"rendered":"http:\/\/serinettes.fr\/?page_id=454"},"modified":"2025-10-14T17:39:12","modified_gmt":"2025-10-14T15:39:12","slug":"remerciements","status":"publish","type":"page","link":"http:\/\/serinettes.fr\/index.php\/remerciements\/","title":{"rendered":"Remerciements"},"content":{"rendered":"\n<p>Tous mes remerciements vont \u00e0 celles et ceux qui ont contribu\u00e9 \u00e0 la documentation de ce site<\/p>\n\n\n\n<p>Philharmonie de Paris &#8211; Mus\u00e9e de la Musique<br>Mus\u00e9e de Mirecourt<br>Mus\u00e9e de Thouars<br>MuPop &#8211; Montlu\u00e7on<br>Mucem &#8211; Marseille<\/p>\n\n\n\n<p>Centre de Musique Baroque de Versailles : <a href=\"https:\/\/philidor.cmbv.fr\/Publications\/Bases-prosopographiques\/MUSEFREM-Base-de-donnees-prosopographique-des-musiciens-d-Eglise-en-1790\" target=\"_blank\" rel=\"noreferrer noopener\">MUSEFREM &#8211; Base de donn\u00e9es prosopographique des musiciens d&rsquo;\u00c9glise en 1790<\/a><\/p>\n\n\n\n<p><br>Jean-Marc Angl\u00e8s<br>Florence Bolton &#8211; Ensemble La R\u00eaveuse<br>Philippe Bolton<br>Marielle Brie de Lagerac<br>Philippe Cichon<br>Fran\u00e7oise Dussour<br>Fran\u00e7ois Giordan<br>Jean-Fran\u00e7ois \u00ab\u00a0Maxou\u00a0\u00bb Heintzen<br>Bertrand Poirot<br>Xavier Szymczak<\/p>\n\n\n\n<p><\/p>\n","protected":false},"excerpt":{"rendered":"<p>Tous mes remerciements vont \u00e0 celles et ceux qui ont contribu\u00e9 \u00e0 la documentation de ce site Philharmonie de Paris &#8211; Mus\u00e9e de la MusiqueMus\u00e9e de MirecourtMus\u00e9e de ThouarsMuPop &#8211; Montlu\u00e7onMucem &#8211; Marseille Centre de Musique Baroque de Versailles : MUSEFREM &#8211; Base de donn\u00e9es prosopographique des musiciens d&rsquo;\u00c9glise en 1790 Jean-Marc Angl\u00e8sFlorence Bolton &#8211; &hellip; <a href=\"http:\/\/serinettes.fr\/index.php\/remerciements\/\" class=\"more-link\">Continuer la lecture de <span class=\"screen-reader-text\">Remerciements<\/span> <span class=\"meta-nav\">&rarr;<\/span><\/a><\/p>\n","protected":false},"author":1,"featured_media":0,"parent":0,"menu_order":0,"comment_status":"closed","ping_status":"closed","template":"","meta":{"footnotes":""},"class_list":["post-454","page","type-page","status-publish","hentry"],"_links":{"self":[{"href":"http:\/\/serinettes.fr\/index.php\/wp-json\/wp\/v2\/pages\/454","targetHints":{"allow":["GET"]}}],"collection":[{"href":"http:\/\/serinettes.fr\/index.php\/wp-json\/wp\/v2\/pages"}],"about":[{"href":"http:\/\/serinettes.fr\/index.php\/wp-json\/wp\/v2\/types\/page"}],"author":[{"embeddable":true,"href":"http:\/\/serinettes.fr\/index.php\/wp-json\/wp\/v2\/users\/1"}],"replies":[{"embeddable":true,"href":"http:\/\/serinettes.fr\/index.php\/wp-json\/wp\/v2\/comments?post=454"}],"version-history":[{"count":7,"href":"http:\/\/serinettes.fr\/index.php\/wp-json\/wp\/v2\/pages\/454\/revisions"}],"predecessor-version":[{"id":942,"href":"http:\/\/serinettes.fr\/index.php\/wp-json\/wp\/v2\/pages\/454\/revisions\/942"}],"wp:attachment":[{"href":"http:\/\/serinettes.fr\/index.php\/wp-json\/wp\/v2\/media?parent=454"}],"curies":[{"name":"wp","href":"https:\/\/api.w.org\/{rel}","templated":true}]}}