{"id":299,"date":"2025-06-19T13:57:27","date_gmt":"2025-06-19T11:57:27","guid":{"rendered":"http:\/\/serinettes.fr\/?page_id=299"},"modified":"2025-07-13T11:58:40","modified_gmt":"2025-07-13T09:58:40","slug":"comment-ca-marche","status":"publish","type":"page","link":"http:\/\/serinettes.fr\/index.php\/comment-ca-marche\/","title":{"rendered":"Comment \u00e7a marche ?"},"content":{"rendered":"\n<p class=\"has-text-align-center\"><strong>Serinette, Antoine Norbert Ferry, Paris, 1784<\/strong><br>E.2233 Collections Mus\u00e9e de la musique. <br>Cit\u00e9 de la musique-Philharmonie de Paris \/ Clich\u00e9s Claude Germain, 2010<\/p>\n\n\n\n<div id=\"wp-block-themeisle-blocks-slider-61c47181\" class=\"wp-block-themeisle-blocks-slider glide\" data-per-view=\"1\" data-gap=\"0\" data-peek=\"0\" data-autoplay=\"true\" data-height=\"400px\" data-hide-arrows=\"false\"><div class=\"glide__track\" data-glide-el=\"track\"><div class=\"glide__slides\"><div class=\"wp-block-themeisle-blocks-slider-item-wrapper glide__slide\" tabindex=\"0\"><figure><img decoding=\"async\" class=\"wp-block-themeisle-blocks-slider-item\" src=\"http:\/\/serinettes.fr\/wp-content\/uploads\/2025\/07\/29590-2web.jpg\" alt=\"\" title=\"\" data-id=\"426\"\/><figcaption>Serinette ferm\u00e9e<\/figcaption><\/figure><\/div><div class=\"wp-block-themeisle-blocks-slider-item-wrapper glide__slide\" tabindex=\"0\"><figure><img decoding=\"async\" class=\"wp-block-themeisle-blocks-slider-item\" src=\"http:\/\/serinettes.fr\/wp-content\/uploads\/2025\/07\/29591web.jpg\" alt=\"\" title=\"\" data-id=\"425\"\/><figcaption>Cot\u00e9 droit : s\u00e9lection des morceaux<\/figcaption><\/figure><\/div><div class=\"wp-block-themeisle-blocks-slider-item-wrapper glide__slide\" tabindex=\"0\"><figure><img decoding=\"async\" class=\"wp-block-themeisle-blocks-slider-item\" src=\"http:\/\/serinettes.fr\/wp-content\/uploads\/2025\/07\/29589web.jpg\" alt=\"\" title=\"\" data-id=\"428\"\/><figcaption>Couvercle soulev\u00e9 : le m\u00e9canisme de \u00ab\u00a0touches\u00a0\u00bb qui transmet l&rsquo;ouverture des soupapes<\/figcaption><\/figure><\/div><div class=\"wp-block-themeisle-blocks-slider-item-wrapper glide__slide\" tabindex=\"0\"><figure><img decoding=\"async\" class=\"wp-block-themeisle-blocks-slider-item\" src=\"http:\/\/serinettes.fr\/wp-content\/uploads\/2025\/07\/29592web.jpg\" alt=\"\" title=\"\" data-id=\"431\"\/><figcaption>Face arri\u00e8re : les tuyaus sur leur sommier<\/figcaption><\/figure><\/div><div class=\"wp-block-themeisle-blocks-slider-item-wrapper glide__slide\" tabindex=\"0\"><figure><img decoding=\"async\" class=\"wp-block-themeisle-blocks-slider-item\" src=\"http:\/\/serinettes.fr\/wp-content\/uploads\/2025\/07\/29588web.jpg\" alt=\"\" title=\"\" data-id=\"429\"\/><figcaption>Cot\u00e9 gauche et facade retir\u00e9s : cylindre, soufflet, axe avec vis sans fin qui anime le tout<\/figcaption><\/figure><\/div><div class=\"wp-block-themeisle-blocks-slider-item-wrapper glide__slide\" tabindex=\"0\"><figure><img decoding=\"async\" class=\"wp-block-themeisle-blocks-slider-item\" src=\"http:\/\/serinettes.fr\/wp-content\/uploads\/2025\/07\/29593web.jpg\" alt=\"\" title=\"\" data-id=\"430\"\/><figcaption>Cot\u00e9 gauche : chemin d&rsquo;air, sommier<\/figcaption><\/figure><\/div><div class=\"wp-block-themeisle-blocks-slider-item-wrapper glide__slide\" tabindex=\"0\"><figure><img decoding=\"async\" class=\"wp-block-themeisle-blocks-slider-item\" src=\"http:\/\/serinettes.fr\/wp-content\/uploads\/2025\/07\/29587web.jpg\" alt=\"\" title=\"\" data-id=\"427\"\/><figcaption>Eclat\u00e9 : manivelle, vis sans fin, souflet, tuyaux sur leur sommier<\/figcaption><\/figure><\/div><\/div><div class=\"glide__bullets\" data-glide-el=\"controls[nav]\"><button class=\"glide__bullet\" data-glide-dir=\"=0\"><\/button><button class=\"glide__bullet\" data-glide-dir=\"=1\"><\/button><button class=\"glide__bullet\" data-glide-dir=\"=2\"><\/button><button class=\"glide__bullet\" data-glide-dir=\"=3\"><\/button><button class=\"glide__bullet\" data-glide-dir=\"=4\"><\/button><button class=\"glide__bullet\" data-glide-dir=\"=5\"><\/button><button class=\"glide__bullet\" data-glide-dir=\"=6\"><\/button><\/div><\/div><\/div>\n\n\n\n<p><\/p>\n\n\n<div class=\"wp-block-image\">\n<figure class=\"aligncenter size-full is-resized\"><img loading=\"lazy\" decoding=\"async\" width=\"490\" height=\"640\" src=\"http:\/\/serinettes.fr\/wp-content\/uploads\/2025\/07\/29587web-1.jpg\" alt=\"\" class=\"wp-image-435\" style=\"aspect-ratio:0.7656234464043259;width:634px;height:auto\" srcset=\"http:\/\/serinettes.fr\/wp-content\/uploads\/2025\/07\/29587web-1.jpg 490w, http:\/\/serinettes.fr\/wp-content\/uploads\/2025\/07\/29587web-1-230x300.jpg 230w\" sizes=\"auto, (max-width: 490px) 100vw, 490px\" \/><figcaption class=\"wp-element-caption\">Serinette, Antoine Norbert Ferry, Paris, 1784\nE.2233 Collections Mus\u00e9e de la musique.\nCit\u00e9 de la musique-Philharmonie de Paris \/ Clich\u00e9 Claude Germain, 2010<\/figcaption><\/figure>\n<\/div>\n\n\n<p><strong>Une manivelle&#8230;<\/strong><br>qui actionne par un syst\u00e8me de<strong> bielle<\/strong> pour actionner le soufflet et de <strong>vis sans fin<\/strong> pour entra\u00eener le cylindre <br>&#8211; un <strong>soufflet <\/strong>qui envoie l&rsquo;air vers les tuyaux, via un chemin d&rsquo;air et un <strong>sommier<\/strong> sur lequel sont install\u00e9s les tuyaux<br>&#8211; et un <strong>cylindre<\/strong> qui tourne . Ses <strong>picots <\/strong>soul\u00e8vent les m\u00e9canismes dont les <strong>pilotes <\/strong>vont entra\u00eener l&rsquo;ouverture des<strong> soupapes<\/strong> \u00e0 la base des tuyaux.<br>L&rsquo;air monte dans le tuyau : il \u00ab\u00a0parle\u00a0\u00bb<br>Puis un <strong>ressort <\/strong>rappelle la soupape, jusqu&rsquo;au prochain passage d&rsquo;un picot sur le cylindre.<br><\/p>\n\n\n<div class=\"wp-block-image\">\n<figure class=\"aligncenter size-full\"><img loading=\"lazy\" decoding=\"async\" width=\"499\" height=\"292\" src=\"http:\/\/serinettes.fr\/wp-content\/uploads\/2025\/07\/serinette_dwg02.jpg\" alt=\"\" class=\"wp-image-447\" srcset=\"http:\/\/serinettes.fr\/wp-content\/uploads\/2025\/07\/serinette_dwg02.jpg 499w, http:\/\/serinettes.fr\/wp-content\/uploads\/2025\/07\/serinette_dwg02-300x176.jpg 300w\" sizes=\"auto, (max-width: 499px) 100vw, 499px\" \/><\/figure>\n<\/div>\n\n\n<p class=\"has-medium-font-size\"><a href=\"http:\/\/FR 18e eeuwse voorwerpen en hun gebruik, de Serinette\"><strong>-> Une vid\u00e9o, en n\u00e9erlandais, qui montre la serinette ouverte et les mouvements de ses diff\u00e9rentes parties<\/strong><\/a><\/p>\n\n\n\n<hr class=\"wp-block-separator has-alpha-channel-opacity\"\/>\n\n\n\n<p>L&rsquo;art de graver les cylindres est la<strong><em> <a href=\"http:\/\/serinettes.fr\/index.php\/tonotechnie\/\" data-type=\"page\" data-id=\"200\">tonotechnie<\/a><\/em><\/strong>. Formalis\u00e9e par les travaux de <a href=\"http:\/\/serinettes.fr\/index.php\/dom-bedos-de-celles-tonotechnie\/\" data-type=\"page\" data-id=\"206\">Dom Bedos de Celles<\/a> et d&rsquo;<a href=\"http:\/\/serinettes.fr\/index.php\/engramelle\/\" data-type=\"page\" data-id=\"203\">Engramelle<\/a><em>,<\/em> elle est d&rsquo;une absolue pr\u00e9cision.<br>Les cylindres qui nous parviennent du 18eme si\u00e8cle sont des t\u00e9moignages uniques de la conception de l&rsquo;interpr\u00e9tation et de l&rsquo;ornementation \u00e0 l&rsquo;\u00e9poque baroque. <br>A d\u00e9faut d&rsquo; \u00ab\u00a0enregistrements d&rsquo;\u00e9poques\u00a0\u00bb&#8230;.<br><\/p>\n\n\n\n<hr class=\"wp-block-separator has-alpha-channel-opacity\"\/>\n\n\n\n<p class=\"has-medium-font-size\"><strong>Un document essentiel :<\/strong><br><a href=\"https:\/\/www.lam.jussieu.fr\/Publications\/BulletinsGAM\/GAM_69-La%20serinette_J.-L.%20VAL.pdf\" target=\"_blank\" rel=\"noreferrer noopener\">Bulletin du Groupe d&rsquo;Acoustique Musicale \/ Univ. Jussieu, Paris . N\u00b069 &#8211; Nov.1973 &#8211; T\u00e9l\u00e9chargement<\/a><\/p>\n\n\n\n<hr class=\"wp-block-separator has-alpha-channel-opacity\"\/>\n\n\n\n\n\n<p class=\"has-text-align-center has-medium-font-size\"><strong>Serinette Rolin<\/strong>, facteur d&rsquo;orgue et de serinettes, \u00e0 Mirecourt<br>Mus\u00e9e de Thouars (79) inv.1036<\/p>\n\n\n\n<p class=\"has-text-align-center\"><em><strong>Cr\u00e9dit<\/strong> : \u00ab\u00a0Serinette\u00a0\u00bb (https:\/\/skfb.ly\/666vB) by Alienor.org, Conseil des mus\u00e9es is licensed under CC Attribution-NonCommercial-NoDerivs (http:\/\/creativecommons.org\/licenses\/by-nc-nd\/4.0\/).<\/em><\/p>\n\n\n\n<p class=\"has-text-align-center has-red-color has-text-color has-link-color has-medium-font-size wp-elements-f2dd65771831bd423754c4187a760628\"><a href=\"https:\/\/www.alienor.org\/collections\/oeuvre\/117742-serinette\" data-type=\"link\" data-id=\"https:\/\/www.alienor.org\/collections\/oeuvre\/117742-serinette\" target=\"_blank\" rel=\"noreferrer noopener\">Animation compl\u00e8te et l\u00e9gendes sur le site alienor.org Conseil des Mus\u00e9es<\/a><\/p>\n\n\n\n<hr class=\"wp-block-separator has-alpha-channel-opacity\"\/>\n","protected":false},"excerpt":{"rendered":"<p>Serinette, Antoine Norbert Ferry, Paris, 1784E.2233 Collections Mus\u00e9e de la musique. Cit\u00e9 de la musique-Philharmonie de Paris \/ Clich\u00e9s Claude Germain, 2010 Une manivelle&#8230;qui actionne par un syst\u00e8me de bielle pour actionner le soufflet et de vis sans fin pour entra\u00eener le cylindre &#8211; un soufflet qui envoie l&rsquo;air vers les tuyaux, via un chemin &hellip; <a href=\"http:\/\/serinettes.fr\/index.php\/comment-ca-marche\/\" class=\"more-link\">Continuer la lecture de <span class=\"screen-reader-text\">Comment \u00e7a marche ?<\/span> <span class=\"meta-nav\">&rarr;<\/span><\/a><\/p>\n","protected":false},"author":1,"featured_media":0,"parent":0,"menu_order":0,"comment_status":"closed","ping_status":"closed","template":"","meta":{"footnotes":""},"class_list":["post-299","page","type-page","status-publish","hentry"],"_links":{"self":[{"href":"http:\/\/serinettes.fr\/index.php\/wp-json\/wp\/v2\/pages\/299","targetHints":{"allow":["GET"]}}],"collection":[{"href":"http:\/\/serinettes.fr\/index.php\/wp-json\/wp\/v2\/pages"}],"about":[{"href":"http:\/\/serinettes.fr\/index.php\/wp-json\/wp\/v2\/types\/page"}],"author":[{"embeddable":true,"href":"http:\/\/serinettes.fr\/index.php\/wp-json\/wp\/v2\/users\/1"}],"replies":[{"embeddable":true,"href":"http:\/\/serinettes.fr\/index.php\/wp-json\/wp\/v2\/comments?post=299"}],"version-history":[{"count":23,"href":"http:\/\/serinettes.fr\/index.php\/wp-json\/wp\/v2\/pages\/299\/revisions"}],"predecessor-version":[{"id":628,"href":"http:\/\/serinettes.fr\/index.php\/wp-json\/wp\/v2\/pages\/299\/revisions\/628"}],"wp:attachment":[{"href":"http:\/\/serinettes.fr\/index.php\/wp-json\/wp\/v2\/media?parent=299"}],"curies":[{"name":"wp","href":"https:\/\/api.w.org\/{rel}","templated":true}]}}