{"id":206,"date":"2025-06-18T12:43:48","date_gmt":"2025-06-18T10:43:48","guid":{"rendered":"http:\/\/serinettes.fr\/?page_id=206"},"modified":"2025-06-18T12:50:07","modified_gmt":"2025-06-18T10:50:07","slug":"dom-bedos-de-celles-tonotechnie","status":"publish","type":"page","link":"http:\/\/serinettes.fr\/index.php\/dom-bedos-de-celles-tonotechnie\/","title":{"rendered":"Dom Bedos de Celles &#8211; tonotechnie"},"content":{"rendered":"\n<p class=\"has-medium-font-size\"><strong>L\u2019art du facteur d\u2019orgues, \u00e9dition 1766<\/strong><br><a href=\"https:\/\/imslp.org\/wiki\/L%27art_du_facteur_d%27orgues_(B%C3%A9dos_de_Celles_de_Salelles%2C_Fran%C3%A7ois_Lamathe)\" target=\"_blank\" rel=\"noreferrer noopener\">T\u00e9l\u00e9chargeable sur imlsp.org<\/a><\/p>\n\n\n\n<p class=\"has-text-align-center has-medium-brown-color has-text-color has-link-color has-medium-font-size wp-elements-6a85bbce719cb8f7eddfe4e18113543f\"><strong>Planches &#8211; les rep\u00e8res se r\u00e9f\u00e9rent au texte<\/strong><\/p>\n\n\n\n<p class=\"has-text-align-center has-medium-font-size\"><a href=\"http:\/\/serinettes.fr\/wp-content\/uploads\/2025\/06\/Dom-Bedos-de-Celles-Lart-du-facteur-dorgue-1766-la-serinette-texte-et-figures.pdf\" data-type=\"link\" data-id=\"http:\/\/serinettes.fr\/wp-content\/uploads\/2025\/06\/Dom-Bedos-de-Celles-Lart-du-facteur-dorgue-1766-la-serinette-texte-et-figures.pdf\" target=\"_blank\" rel=\"noreferrer noopener\">Texte extrait concernant l&rsquo;organologie et la tonotechnie &#8211; PDF<\/a><\/p>\n\n\n\n<p>Romance de Mr. Balbastre, propos\u00e9e \u00e0 la notation tonotechnique par Dom Bedos<\/p>\n\n\n\n<figure class=\"wp-block-audio\"><audio controls src=\"http:\/\/serinettes.fr\/wp-content\/uploads\/2025\/06\/Romance-de-Mr.-Balbastre.mp3\"><\/audio><\/figure>\n\n\n\n<figure class=\"wp-block-gallery has-nested-images columns-default is-cropped wp-block-gallery-1 is-layout-flex wp-block-gallery-is-layout-flex\">\n<figure class=\"wp-block-image size-large\"><img loading=\"lazy\" decoding=\"async\" width=\"734\" height=\"1024\" data-id=\"211\" src=\"http:\/\/serinettes.fr\/wp-content\/uploads\/2025\/06\/FICB271-734x1024.jpg\" alt=\"\" class=\"wp-image-211\" srcset=\"http:\/\/serinettes.fr\/wp-content\/uploads\/2025\/06\/FICB271-734x1024.jpg 734w, http:\/\/serinettes.fr\/wp-content\/uploads\/2025\/06\/FICB271-215x300.jpg 215w, http:\/\/serinettes.fr\/wp-content\/uploads\/2025\/06\/FICB271-768x1071.jpg 768w, http:\/\/serinettes.fr\/wp-content\/uploads\/2025\/06\/FICB271-1102x1536.jpg 1102w, http:\/\/serinettes.fr\/wp-content\/uploads\/2025\/06\/FICB271.jpg 1331w\" sizes=\"auto, (max-width: 734px) 100vw, 734px\" \/><\/figure>\n\n\n\n<figure class=\"wp-block-image size-large\"><img loading=\"lazy\" decoding=\"async\" width=\"721\" height=\"1024\" data-id=\"215\" src=\"http:\/\/serinettes.fr\/wp-content\/uploads\/2025\/06\/FIE69F1-721x1024.jpg\" alt=\"\" class=\"wp-image-215\" srcset=\"http:\/\/serinettes.fr\/wp-content\/uploads\/2025\/06\/FIE69F1-721x1024.jpg 721w, http:\/\/serinettes.fr\/wp-content\/uploads\/2025\/06\/FIE69F1-211x300.jpg 211w, http:\/\/serinettes.fr\/wp-content\/uploads\/2025\/06\/FIE69F1-768x1091.jpg 768w, http:\/\/serinettes.fr\/wp-content\/uploads\/2025\/06\/FIE69F1-1081x1536.jpg 1081w, http:\/\/serinettes.fr\/wp-content\/uploads\/2025\/06\/FIE69F1.jpg 1310w\" sizes=\"auto, (max-width: 721px) 100vw, 721px\" \/><\/figure>\n\n\n\n<figure class=\"wp-block-image size-large\"><img loading=\"lazy\" decoding=\"async\" width=\"711\" height=\"1024\" data-id=\"212\" src=\"http:\/\/serinettes.fr\/wp-content\/uploads\/2025\/06\/FI7E941-711x1024.jpg\" alt=\"\" class=\"wp-image-212\" srcset=\"http:\/\/serinettes.fr\/wp-content\/uploads\/2025\/06\/FI7E941-711x1024.jpg 711w, http:\/\/serinettes.fr\/wp-content\/uploads\/2025\/06\/FI7E941-208x300.jpg 208w, http:\/\/serinettes.fr\/wp-content\/uploads\/2025\/06\/FI7E941-768x1107.jpg 768w, http:\/\/serinettes.fr\/wp-content\/uploads\/2025\/06\/FI7E941-1066x1536.jpg 1066w, http:\/\/serinettes.fr\/wp-content\/uploads\/2025\/06\/FI7E941.jpg 1306w\" sizes=\"auto, (max-width: 711px) 100vw, 711px\" \/><\/figure>\n\n\n\n<figure class=\"wp-block-image size-large\"><img loading=\"lazy\" decoding=\"async\" width=\"717\" height=\"1024\" data-id=\"214\" src=\"http:\/\/serinettes.fr\/wp-content\/uploads\/2025\/06\/FI4C271-717x1024.jpg\" alt=\"\" class=\"wp-image-214\" srcset=\"http:\/\/serinettes.fr\/wp-content\/uploads\/2025\/06\/FI4C271-717x1024.jpg 717w, http:\/\/serinettes.fr\/wp-content\/uploads\/2025\/06\/FI4C271-210x300.jpg 210w, http:\/\/serinettes.fr\/wp-content\/uploads\/2025\/06\/FI4C271-768x1097.jpg 768w, http:\/\/serinettes.fr\/wp-content\/uploads\/2025\/06\/FI4C271-1076x1536.jpg 1076w, http:\/\/serinettes.fr\/wp-content\/uploads\/2025\/06\/FI4C271.jpg 1302w\" sizes=\"auto, (max-width: 717px) 100vw, 717px\" \/><\/figure>\n\n\n\n<figure class=\"wp-block-image size-large\"><img loading=\"lazy\" decoding=\"async\" width=\"721\" height=\"1024\" data-id=\"216\" src=\"http:\/\/serinettes.fr\/wp-content\/uploads\/2025\/06\/FI87511-721x1024.jpg\" alt=\"\" class=\"wp-image-216\" srcset=\"http:\/\/serinettes.fr\/wp-content\/uploads\/2025\/06\/FI87511-721x1024.jpg 721w, http:\/\/serinettes.fr\/wp-content\/uploads\/2025\/06\/FI87511-211x300.jpg 211w, http:\/\/serinettes.fr\/wp-content\/uploads\/2025\/06\/FI87511-768x1091.jpg 768w, http:\/\/serinettes.fr\/wp-content\/uploads\/2025\/06\/FI87511-1081x1536.jpg 1081w, http:\/\/serinettes.fr\/wp-content\/uploads\/2025\/06\/FI87511.jpg 1307w\" sizes=\"auto, (max-width: 721px) 100vw, 721px\" \/><\/figure>\n\n\n\n<figure class=\"wp-block-image size-large\"><img loading=\"lazy\" decoding=\"async\" width=\"721\" height=\"1024\" data-id=\"213\" src=\"http:\/\/serinettes.fr\/wp-content\/uploads\/2025\/06\/FIDDD21-721x1024.jpg\" alt=\"\" class=\"wp-image-213\" srcset=\"http:\/\/serinettes.fr\/wp-content\/uploads\/2025\/06\/FIDDD21-721x1024.jpg 721w, http:\/\/serinettes.fr\/wp-content\/uploads\/2025\/06\/FIDDD21-211x300.jpg 211w, http:\/\/serinettes.fr\/wp-content\/uploads\/2025\/06\/FIDDD21-768x1091.jpg 768w, http:\/\/serinettes.fr\/wp-content\/uploads\/2025\/06\/FIDDD21-1081x1536.jpg 1081w, http:\/\/serinettes.fr\/wp-content\/uploads\/2025\/06\/FIDDD21.jpg 1301w\" sizes=\"auto, (max-width: 721px) 100vw, 721px\" \/><\/figure>\n\n\n\n<figure class=\"wp-block-image size-large\"><img loading=\"lazy\" decoding=\"async\" width=\"725\" height=\"1024\" data-id=\"217\" src=\"http:\/\/serinettes.fr\/wp-content\/uploads\/2025\/06\/FI23171-725x1024.jpg\" alt=\"\" class=\"wp-image-217\" srcset=\"http:\/\/serinettes.fr\/wp-content\/uploads\/2025\/06\/FI23171-725x1024.jpg 725w, http:\/\/serinettes.fr\/wp-content\/uploads\/2025\/06\/FI23171-212x300.jpg 212w, http:\/\/serinettes.fr\/wp-content\/uploads\/2025\/06\/FI23171-768x1085.jpg 768w, http:\/\/serinettes.fr\/wp-content\/uploads\/2025\/06\/FI23171-1088x1536.jpg 1088w, http:\/\/serinettes.fr\/wp-content\/uploads\/2025\/06\/FI23171.jpg 1310w\" sizes=\"auto, (max-width: 725px) 100vw, 725px\" \/><\/figure>\n\n\n\n<figure class=\"wp-block-image size-large\"><img loading=\"lazy\" decoding=\"async\" width=\"717\" height=\"1024\" data-id=\"218\" src=\"http:\/\/serinettes.fr\/wp-content\/uploads\/2025\/06\/FI784B1-717x1024.jpg\" alt=\"\" class=\"wp-image-218\" srcset=\"http:\/\/serinettes.fr\/wp-content\/uploads\/2025\/06\/FI784B1-717x1024.jpg 717w, http:\/\/serinettes.fr\/wp-content\/uploads\/2025\/06\/FI784B1-210x300.jpg 210w, http:\/\/serinettes.fr\/wp-content\/uploads\/2025\/06\/FI784B1-768x1096.jpg 768w, http:\/\/serinettes.fr\/wp-content\/uploads\/2025\/06\/FI784B1-1076x1536.jpg 1076w, http:\/\/serinettes.fr\/wp-content\/uploads\/2025\/06\/FI784B1.jpg 1298w\" sizes=\"auto, (max-width: 717px) 100vw, 717px\" \/><\/figure>\n\n\n\n<figure class=\"wp-block-image size-large\"><img loading=\"lazy\" decoding=\"async\" width=\"723\" height=\"1024\" data-id=\"219\" src=\"http:\/\/serinettes.fr\/wp-content\/uploads\/2025\/06\/FICD7F1-723x1024.jpg\" alt=\"\" class=\"wp-image-219\" srcset=\"http:\/\/serinettes.fr\/wp-content\/uploads\/2025\/06\/FICD7F1-723x1024.jpg 723w, http:\/\/serinettes.fr\/wp-content\/uploads\/2025\/06\/FICD7F1-212x300.jpg 212w, http:\/\/serinettes.fr\/wp-content\/uploads\/2025\/06\/FICD7F1-768x1087.jpg 768w, http:\/\/serinettes.fr\/wp-content\/uploads\/2025\/06\/FICD7F1-1085x1536.jpg 1085w, http:\/\/serinettes.fr\/wp-content\/uploads\/2025\/06\/FICD7F1.jpg 1308w\" sizes=\"auto, (max-width: 723px) 100vw, 723px\" \/><\/figure>\n\n\n\n<figure class=\"wp-block-image size-large\"><img loading=\"lazy\" decoding=\"async\" width=\"723\" height=\"1024\" data-id=\"220\" src=\"http:\/\/serinettes.fr\/wp-content\/uploads\/2025\/06\/FIA2171-723x1024.jpg\" alt=\"\" class=\"wp-image-220\" srcset=\"http:\/\/serinettes.fr\/wp-content\/uploads\/2025\/06\/FIA2171-723x1024.jpg 723w, http:\/\/serinettes.fr\/wp-content\/uploads\/2025\/06\/FIA2171-212x300.jpg 212w, http:\/\/serinettes.fr\/wp-content\/uploads\/2025\/06\/FIA2171-768x1088.jpg 768w, http:\/\/serinettes.fr\/wp-content\/uploads\/2025\/06\/FIA2171-1084x1536.jpg 1084w, http:\/\/serinettes.fr\/wp-content\/uploads\/2025\/06\/FIA2171.jpg 1306w\" sizes=\"auto, (max-width: 723px) 100vw, 723px\" \/><\/figure>\n\n\n\n<figure class=\"wp-block-image size-large\"><img loading=\"lazy\" decoding=\"async\" width=\"718\" height=\"1024\" data-id=\"221\" src=\"http:\/\/serinettes.fr\/wp-content\/uploads\/2025\/06\/FIF74B1-718x1024.jpg\" alt=\"\" class=\"wp-image-221\" srcset=\"http:\/\/serinettes.fr\/wp-content\/uploads\/2025\/06\/FIF74B1-718x1024.jpg 718w, http:\/\/serinettes.fr\/wp-content\/uploads\/2025\/06\/FIF74B1-210x300.jpg 210w, http:\/\/serinettes.fr\/wp-content\/uploads\/2025\/06\/FIF74B1-768x1095.jpg 768w, http:\/\/serinettes.fr\/wp-content\/uploads\/2025\/06\/FIF74B1-1077x1536.jpg 1077w, http:\/\/serinettes.fr\/wp-content\/uploads\/2025\/06\/FIF74B1.jpg 1297w\" sizes=\"auto, (max-width: 718px) 100vw, 718px\" \/><\/figure>\n\n\n\n<figure class=\"wp-block-image size-large\"><img loading=\"lazy\" decoding=\"async\" width=\"717\" height=\"1024\" data-id=\"222\" src=\"http:\/\/serinettes.fr\/wp-content\/uploads\/2025\/06\/FI4D7F1-717x1024.jpg\" alt=\"\" class=\"wp-image-222\" srcset=\"http:\/\/serinettes.fr\/wp-content\/uploads\/2025\/06\/FI4D7F1-717x1024.jpg 717w, http:\/\/serinettes.fr\/wp-content\/uploads\/2025\/06\/FI4D7F1-210x300.jpg 210w, http:\/\/serinettes.fr\/wp-content\/uploads\/2025\/06\/FI4D7F1-768x1096.jpg 768w, http:\/\/serinettes.fr\/wp-content\/uploads\/2025\/06\/FI4D7F1-1076x1536.jpg 1076w, http:\/\/serinettes.fr\/wp-content\/uploads\/2025\/06\/FI4D7F1.jpg 1296w\" sizes=\"auto, (max-width: 717px) 100vw, 717px\" \/><\/figure>\n\n\n\n<figure class=\"wp-block-image size-large\"><img loading=\"lazy\" decoding=\"async\" width=\"724\" height=\"1024\" data-id=\"223\" src=\"http:\/\/serinettes.fr\/wp-content\/uploads\/2025\/06\/FI9C031-724x1024.jpg\" alt=\"\" class=\"wp-image-223\" srcset=\"http:\/\/serinettes.fr\/wp-content\/uploads\/2025\/06\/FI9C031-724x1024.jpg 724w, http:\/\/serinettes.fr\/wp-content\/uploads\/2025\/06\/FI9C031-212x300.jpg 212w, http:\/\/serinettes.fr\/wp-content\/uploads\/2025\/06\/FI9C031-768x1087.jpg 768w, http:\/\/serinettes.fr\/wp-content\/uploads\/2025\/06\/FI9C031-1086x1536.jpg 1086w, http:\/\/serinettes.fr\/wp-content\/uploads\/2025\/06\/FI9C031-1447x2048.jpg 1447w, http:\/\/serinettes.fr\/wp-content\/uploads\/2025\/06\/FI9C031.jpg 1653w\" sizes=\"auto, (max-width: 724px) 100vw, 724px\" \/><\/figure>\n\n\n\n<figure class=\"wp-block-image size-large\"><img loading=\"lazy\" decoding=\"async\" width=\"1024\" height=\"782\" data-id=\"225\" src=\"http:\/\/serinettes.fr\/wp-content\/uploads\/2025\/06\/FI06A61-1024x782.jpg\" alt=\"\" class=\"wp-image-225\" srcset=\"http:\/\/serinettes.fr\/wp-content\/uploads\/2025\/06\/FI06A61-1024x782.jpg 1024w, http:\/\/serinettes.fr\/wp-content\/uploads\/2025\/06\/FI06A61-300x229.jpg 300w, http:\/\/serinettes.fr\/wp-content\/uploads\/2025\/06\/FI06A61-768x587.jpg 768w, http:\/\/serinettes.fr\/wp-content\/uploads\/2025\/06\/FI06A61.jpg 1283w\" sizes=\"auto, (max-width: 1024px) 100vw, 1024px\" \/><\/figure>\n\n\n\n<figure class=\"wp-block-image size-large\"><img loading=\"lazy\" decoding=\"async\" width=\"724\" height=\"1024\" data-id=\"226\" src=\"http:\/\/serinettes.fr\/wp-content\/uploads\/2025\/06\/FIE7E71-724x1024.jpg\" alt=\"\" class=\"wp-image-226\" srcset=\"http:\/\/serinettes.fr\/wp-content\/uploads\/2025\/06\/FIE7E71-724x1024.jpg 724w, http:\/\/serinettes.fr\/wp-content\/uploads\/2025\/06\/FIE7E71-212x300.jpg 212w, http:\/\/serinettes.fr\/wp-content\/uploads\/2025\/06\/FIE7E71-768x1087.jpg 768w, http:\/\/serinettes.fr\/wp-content\/uploads\/2025\/06\/FIE7E71-1086x1536.jpg 1086w, http:\/\/serinettes.fr\/wp-content\/uploads\/2025\/06\/FIE7E71-1447x2048.jpg 1447w, http:\/\/serinettes.fr\/wp-content\/uploads\/2025\/06\/FIE7E71.jpg 1653w\" sizes=\"auto, (max-width: 724px) 100vw, 724px\" \/><\/figure>\n\n\n\n<figure class=\"wp-block-image size-large\"><img loading=\"lazy\" decoding=\"async\" width=\"1024\" height=\"818\" data-id=\"224\" src=\"http:\/\/serinettes.fr\/wp-content\/uploads\/2025\/06\/FI2E681-1024x818.jpg\" alt=\"\" class=\"wp-image-224\" srcset=\"http:\/\/serinettes.fr\/wp-content\/uploads\/2025\/06\/FI2E681-1024x818.jpg 1024w, http:\/\/serinettes.fr\/wp-content\/uploads\/2025\/06\/FI2E681-300x240.jpg 300w, http:\/\/serinettes.fr\/wp-content\/uploads\/2025\/06\/FI2E681-768x613.jpg 768w, http:\/\/serinettes.fr\/wp-content\/uploads\/2025\/06\/FI2E681.jpg 1296w\" sizes=\"auto, (max-width: 1024px) 100vw, 1024px\" \/><\/figure>\n\n\n\n<figure class=\"wp-block-image size-large\"><img loading=\"lazy\" decoding=\"async\" width=\"1024\" height=\"793\" data-id=\"227\" src=\"http:\/\/serinettes.fr\/wp-content\/uploads\/2025\/06\/FI73AC1-1024x793.jpg\" alt=\"\" class=\"wp-image-227\" srcset=\"http:\/\/serinettes.fr\/wp-content\/uploads\/2025\/06\/FI73AC1-1024x793.jpg 1024w, http:\/\/serinettes.fr\/wp-content\/uploads\/2025\/06\/FI73AC1-300x232.jpg 300w, http:\/\/serinettes.fr\/wp-content\/uploads\/2025\/06\/FI73AC1-768x595.jpg 768w, http:\/\/serinettes.fr\/wp-content\/uploads\/2025\/06\/FI73AC1.jpg 1277w\" sizes=\"auto, (max-width: 1024px) 100vw, 1024px\" \/><\/figure>\n\n\n\n<figure class=\"wp-block-image size-large\"><img loading=\"lazy\" decoding=\"async\" width=\"724\" height=\"1024\" data-id=\"228\" src=\"http:\/\/serinettes.fr\/wp-content\/uploads\/2025\/06\/FIACBD1-724x1024.jpg\" alt=\"\" class=\"wp-image-228\" srcset=\"http:\/\/serinettes.fr\/wp-content\/uploads\/2025\/06\/FIACBD1-724x1024.jpg 724w, http:\/\/serinettes.fr\/wp-content\/uploads\/2025\/06\/FIACBD1-212x300.jpg 212w, http:\/\/serinettes.fr\/wp-content\/uploads\/2025\/06\/FIACBD1-768x1087.jpg 768w, http:\/\/serinettes.fr\/wp-content\/uploads\/2025\/06\/FIACBD1-1086x1536.jpg 1086w, http:\/\/serinettes.fr\/wp-content\/uploads\/2025\/06\/FIACBD1-1447x2048.jpg 1447w, http:\/\/serinettes.fr\/wp-content\/uploads\/2025\/06\/FIACBD1.jpg 1653w\" sizes=\"auto, (max-width: 724px) 100vw, 724px\" \/><\/figure>\n\n\n\n<figure class=\"wp-block-image size-large\"><img loading=\"lazy\" decoding=\"async\" width=\"1024\" height=\"815\" data-id=\"229\" src=\"http:\/\/serinettes.fr\/wp-content\/uploads\/2025\/06\/FIGURE3-1024x815.jpg\" alt=\"\" class=\"wp-image-229\" srcset=\"http:\/\/serinettes.fr\/wp-content\/uploads\/2025\/06\/FIGURE3-1024x815.jpg 1024w, http:\/\/serinettes.fr\/wp-content\/uploads\/2025\/06\/FIGURE3-300x239.jpg 300w, http:\/\/serinettes.fr\/wp-content\/uploads\/2025\/06\/FIGURE3-768x612.jpg 768w, http:\/\/serinettes.fr\/wp-content\/uploads\/2025\/06\/FIGURE3.jpg 1276w\" sizes=\"auto, (max-width: 1024px) 100vw, 1024px\" \/><\/figure>\n\n\n\n<figure class=\"wp-block-image size-large\"><img loading=\"lazy\" decoding=\"async\" width=\"1024\" height=\"799\" data-id=\"230\" src=\"http:\/\/serinettes.fr\/wp-content\/uploads\/2025\/06\/FIGURE4-1024x799.jpg\" alt=\"\" class=\"wp-image-230\" srcset=\"http:\/\/serinettes.fr\/wp-content\/uploads\/2025\/06\/FIGURE4-1024x799.jpg 1024w, http:\/\/serinettes.fr\/wp-content\/uploads\/2025\/06\/FIGURE4-300x234.jpg 300w, http:\/\/serinettes.fr\/wp-content\/uploads\/2025\/06\/FIGURE4-768x599.jpg 768w, http:\/\/serinettes.fr\/wp-content\/uploads\/2025\/06\/FIGURE4.jpg 1290w\" sizes=\"auto, (max-width: 1024px) 100vw, 1024px\" \/><\/figure>\n\n\n\n<figure class=\"wp-block-image size-large\"><img loading=\"lazy\" decoding=\"async\" width=\"724\" height=\"1024\" data-id=\"231\" src=\"http:\/\/serinettes.fr\/wp-content\/uploads\/2025\/06\/FI3DC41-724x1024.jpg\" alt=\"\" class=\"wp-image-231\" srcset=\"http:\/\/serinettes.fr\/wp-content\/uploads\/2025\/06\/FI3DC41-724x1024.jpg 724w, http:\/\/serinettes.fr\/wp-content\/uploads\/2025\/06\/FI3DC41-212x300.jpg 212w, http:\/\/serinettes.fr\/wp-content\/uploads\/2025\/06\/FI3DC41-768x1087.jpg 768w, http:\/\/serinettes.fr\/wp-content\/uploads\/2025\/06\/FI3DC41-1086x1536.jpg 1086w, http:\/\/serinettes.fr\/wp-content\/uploads\/2025\/06\/FI3DC41-1447x2048.jpg 1447w, http:\/\/serinettes.fr\/wp-content\/uploads\/2025\/06\/FI3DC41.jpg 1653w\" sizes=\"auto, (max-width: 724px) 100vw, 724px\" \/><\/figure>\n\n\n\n<figure class=\"wp-block-image size-large\"><img loading=\"lazy\" decoding=\"async\" width=\"1024\" height=\"827\" data-id=\"233\" src=\"http:\/\/serinettes.fr\/wp-content\/uploads\/2025\/06\/FIGURE2-1024x827.jpg\" alt=\"\" class=\"wp-image-233\" srcset=\"http:\/\/serinettes.fr\/wp-content\/uploads\/2025\/06\/FIGURE2-1024x827.jpg 1024w, http:\/\/serinettes.fr\/wp-content\/uploads\/2025\/06\/FIGURE2-300x242.jpg 300w, http:\/\/serinettes.fr\/wp-content\/uploads\/2025\/06\/FIGURE2-768x620.jpg 768w, http:\/\/serinettes.fr\/wp-content\/uploads\/2025\/06\/FIGURE2.jpg 1295w\" sizes=\"auto, (max-width: 1024px) 100vw, 1024px\" \/><\/figure>\n\n\n\n<figure class=\"wp-block-image size-large\"><img loading=\"lazy\" decoding=\"async\" width=\"1024\" height=\"827\" data-id=\"232\" src=\"http:\/\/serinettes.fr\/wp-content\/uploads\/2025\/06\/FIGURE1-1024x827.jpg\" alt=\"\" class=\"wp-image-232\" srcset=\"http:\/\/serinettes.fr\/wp-content\/uploads\/2025\/06\/FIGURE1-1024x827.jpg 1024w, http:\/\/serinettes.fr\/wp-content\/uploads\/2025\/06\/FIGURE1-300x242.jpg 300w, http:\/\/serinettes.fr\/wp-content\/uploads\/2025\/06\/FIGURE1-768x620.jpg 768w, http:\/\/serinettes.fr\/wp-content\/uploads\/2025\/06\/FIGURE1.jpg 1295w\" sizes=\"auto, (max-width: 1024px) 100vw, 1024px\" \/><\/figure>\n\n\n\n<figure class=\"wp-block-image size-large\"><img loading=\"lazy\" decoding=\"async\" width=\"724\" height=\"1024\" data-id=\"234\" src=\"http:\/\/serinettes.fr\/wp-content\/uploads\/2025\/06\/FI47261-724x1024.jpg\" alt=\"\" class=\"wp-image-234\" srcset=\"http:\/\/serinettes.fr\/wp-content\/uploads\/2025\/06\/FI47261-724x1024.jpg 724w, http:\/\/serinettes.fr\/wp-content\/uploads\/2025\/06\/FI47261-212x300.jpg 212w, http:\/\/serinettes.fr\/wp-content\/uploads\/2025\/06\/FI47261-768x1087.jpg 768w, http:\/\/serinettes.fr\/wp-content\/uploads\/2025\/06\/FI47261-1086x1536.jpg 1086w, http:\/\/serinettes.fr\/wp-content\/uploads\/2025\/06\/FI47261-1447x2048.jpg 1447w, http:\/\/serinettes.fr\/wp-content\/uploads\/2025\/06\/FI47261.jpg 1653w\" sizes=\"auto, (max-width: 724px) 100vw, 724px\" \/><\/figure>\n\n\n\n<figure class=\"wp-block-image size-large\"><img loading=\"lazy\" decoding=\"async\" width=\"1024\" height=\"805\" data-id=\"235\" src=\"http:\/\/serinettes.fr\/wp-content\/uploads\/2025\/06\/FI96FA1-1024x805.jpg\" alt=\"\" class=\"wp-image-235\" srcset=\"http:\/\/serinettes.fr\/wp-content\/uploads\/2025\/06\/FI96FA1-1024x805.jpg 1024w, http:\/\/serinettes.fr\/wp-content\/uploads\/2025\/06\/FI96FA1-300x236.jpg 300w, http:\/\/serinettes.fr\/wp-content\/uploads\/2025\/06\/FI96FA1-768x604.jpg 768w, http:\/\/serinettes.fr\/wp-content\/uploads\/2025\/06\/FI96FA1.jpg 1285w\" sizes=\"auto, (max-width: 1024px) 100vw, 1024px\" \/><\/figure>\n\n\n\n<figure class=\"wp-block-image size-large\"><img loading=\"lazy\" decoding=\"async\" width=\"1024\" height=\"805\" data-id=\"236\" src=\"http:\/\/serinettes.fr\/wp-content\/uploads\/2025\/06\/FID2FA1-1024x805.jpg\" alt=\"\" class=\"wp-image-236\" srcset=\"http:\/\/serinettes.fr\/wp-content\/uploads\/2025\/06\/FID2FA1-1024x805.jpg 1024w, http:\/\/serinettes.fr\/wp-content\/uploads\/2025\/06\/FID2FA1-300x236.jpg 300w, http:\/\/serinettes.fr\/wp-content\/uploads\/2025\/06\/FID2FA1-768x604.jpg 768w, http:\/\/serinettes.fr\/wp-content\/uploads\/2025\/06\/FID2FA1.jpg 1285w\" sizes=\"auto, (max-width: 1024px) 100vw, 1024px\" \/><\/figure>\n\n\n\n<figure class=\"wp-block-image size-large\"><img loading=\"lazy\" decoding=\"async\" width=\"718\" height=\"1024\" data-id=\"239\" src=\"http:\/\/serinettes.fr\/wp-content\/uploads\/2025\/06\/FIDED31-718x1024.jpg\" alt=\"\" class=\"wp-image-239\" srcset=\"http:\/\/serinettes.fr\/wp-content\/uploads\/2025\/06\/FIDED31-718x1024.jpg 718w, http:\/\/serinettes.fr\/wp-content\/uploads\/2025\/06\/FIDED31-210x300.jpg 210w, http:\/\/serinettes.fr\/wp-content\/uploads\/2025\/06\/FIDED31-768x1096.jpg 768w, http:\/\/serinettes.fr\/wp-content\/uploads\/2025\/06\/FIDED31-1077x1536.jpg 1077w, http:\/\/serinettes.fr\/wp-content\/uploads\/2025\/06\/FIDED31.jpg 1299w\" sizes=\"auto, (max-width: 718px) 100vw, 718px\" \/><\/figure>\n\n\n\n<figure class=\"wp-block-image size-large\"><img loading=\"lazy\" decoding=\"async\" width=\"1024\" height=\"761\" data-id=\"241\" src=\"http:\/\/serinettes.fr\/wp-content\/uploads\/2025\/06\/FIB57A1-1024x761.jpg\" alt=\"\" class=\"wp-image-241\" srcset=\"http:\/\/serinettes.fr\/wp-content\/uploads\/2025\/06\/FIB57A1-1024x761.jpg 1024w, http:\/\/serinettes.fr\/wp-content\/uploads\/2025\/06\/FIB57A1-300x223.jpg 300w, http:\/\/serinettes.fr\/wp-content\/uploads\/2025\/06\/FIB57A1-768x571.jpg 768w, http:\/\/serinettes.fr\/wp-content\/uploads\/2025\/06\/FIB57A1.jpg 1286w\" sizes=\"auto, (max-width: 1024px) 100vw, 1024px\" \/><\/figure>\n\n\n\n<figure class=\"wp-block-image size-large\"><img loading=\"lazy\" decoding=\"async\" width=\"726\" height=\"1024\" data-id=\"242\" src=\"http:\/\/serinettes.fr\/wp-content\/uploads\/2025\/06\/FI60461-726x1024.jpg\" alt=\"\" class=\"wp-image-242\" srcset=\"http:\/\/serinettes.fr\/wp-content\/uploads\/2025\/06\/FI60461-726x1024.jpg 726w, http:\/\/serinettes.fr\/wp-content\/uploads\/2025\/06\/FI60461-213x300.jpg 213w, http:\/\/serinettes.fr\/wp-content\/uploads\/2025\/06\/FI60461-768x1084.jpg 768w, http:\/\/serinettes.fr\/wp-content\/uploads\/2025\/06\/FI60461-1089x1536.jpg 1089w, http:\/\/serinettes.fr\/wp-content\/uploads\/2025\/06\/FI60461.jpg 1307w\" sizes=\"auto, (max-width: 726px) 100vw, 726px\" \/><\/figure>\n\n\n\n<figure class=\"wp-block-image size-large\"><img loading=\"lazy\" decoding=\"async\" width=\"721\" height=\"1024\" data-id=\"243\" src=\"http:\/\/serinettes.fr\/wp-content\/uploads\/2025\/06\/FID88A1-721x1024.jpg\" alt=\"\" class=\"wp-image-243\" srcset=\"http:\/\/serinettes.fr\/wp-content\/uploads\/2025\/06\/FID88A1-721x1024.jpg 721w, http:\/\/serinettes.fr\/wp-content\/uploads\/2025\/06\/FID88A1-211x300.jpg 211w, http:\/\/serinettes.fr\/wp-content\/uploads\/2025\/06\/FID88A1-768x1091.jpg 768w, http:\/\/serinettes.fr\/wp-content\/uploads\/2025\/06\/FID88A1-1082x1536.jpg 1082w, http:\/\/serinettes.fr\/wp-content\/uploads\/2025\/06\/FID88A1.jpg 1305w\" sizes=\"auto, (max-width: 721px) 100vw, 721px\" \/><\/figure>\n\n\n\n<figure class=\"wp-block-image size-large\"><img loading=\"lazy\" decoding=\"async\" width=\"723\" height=\"1024\" data-id=\"244\" src=\"http:\/\/serinettes.fr\/wp-content\/uploads\/2025\/06\/FI01081-723x1024.jpg\" alt=\"\" class=\"wp-image-244\" srcset=\"http:\/\/serinettes.fr\/wp-content\/uploads\/2025\/06\/FI01081-723x1024.jpg 723w, http:\/\/serinettes.fr\/wp-content\/uploads\/2025\/06\/FI01081-212x300.jpg 212w, http:\/\/serinettes.fr\/wp-content\/uploads\/2025\/06\/FI01081-768x1087.jpg 768w, http:\/\/serinettes.fr\/wp-content\/uploads\/2025\/06\/FI01081-1085x1536.jpg 1085w, http:\/\/serinettes.fr\/wp-content\/uploads\/2025\/06\/FI01081.jpg 1308w\" sizes=\"auto, (max-width: 723px) 100vw, 723px\" \/><\/figure>\n\n\n\n<figure class=\"wp-block-image size-large\"><img loading=\"lazy\" decoding=\"async\" width=\"722\" height=\"1024\" data-id=\"245\" src=\"http:\/\/serinettes.fr\/wp-content\/uploads\/2025\/06\/FI669F1-722x1024.jpg\" alt=\"\" class=\"wp-image-245\" srcset=\"http:\/\/serinettes.fr\/wp-content\/uploads\/2025\/06\/FI669F1-722x1024.jpg 722w, http:\/\/serinettes.fr\/wp-content\/uploads\/2025\/06\/FI669F1-211x300.jpg 211w, http:\/\/serinettes.fr\/wp-content\/uploads\/2025\/06\/FI669F1-768x1090.jpg 768w, http:\/\/serinettes.fr\/wp-content\/uploads\/2025\/06\/FI669F1-1083x1536.jpg 1083w, http:\/\/serinettes.fr\/wp-content\/uploads\/2025\/06\/FI669F1.jpg 1304w\" sizes=\"auto, (max-width: 722px) 100vw, 722px\" \/><\/figure>\n\n\n\n<figure class=\"wp-block-image size-large\"><img loading=\"lazy\" decoding=\"async\" width=\"724\" height=\"1024\" data-id=\"246\" src=\"http:\/\/serinettes.fr\/wp-content\/uploads\/2025\/06\/FI81081-724x1024.jpg\" alt=\"\" class=\"wp-image-246\" srcset=\"http:\/\/serinettes.fr\/wp-content\/uploads\/2025\/06\/FI81081-724x1024.jpg 724w, http:\/\/serinettes.fr\/wp-content\/uploads\/2025\/06\/FI81081-212x300.jpg 212w, http:\/\/serinettes.fr\/wp-content\/uploads\/2025\/06\/FI81081-768x1087.jpg 768w, http:\/\/serinettes.fr\/wp-content\/uploads\/2025\/06\/FI81081-1085x1536.jpg 1085w, http:\/\/serinettes.fr\/wp-content\/uploads\/2025\/06\/FI81081.jpg 1308w\" sizes=\"auto, (max-width: 724px) 100vw, 724px\" \/><\/figure>\n<\/figure>\n","protected":false},"excerpt":{"rendered":"<p>L\u2019art du facteur d\u2019orgues, \u00e9dition 1766T\u00e9l\u00e9chargeable sur imlsp.org Planches &#8211; les rep\u00e8res se r\u00e9f\u00e9rent au texte Texte extrait concernant l&rsquo;organologie et la tonotechnie &#8211; PDF Romance de Mr. Balbastre, propos\u00e9e \u00e0 la notation tonotechnique par Dom Bedos<\/p>\n","protected":false},"author":1,"featured_media":0,"parent":0,"menu_order":0,"comment_status":"closed","ping_status":"closed","template":"","meta":{"footnotes":""},"class_list":["post-206","page","type-page","status-publish","hentry"],"_links":{"self":[{"href":"http:\/\/serinettes.fr\/index.php\/wp-json\/wp\/v2\/pages\/206","targetHints":{"allow":["GET"]}}],"collection":[{"href":"http:\/\/serinettes.fr\/index.php\/wp-json\/wp\/v2\/pages"}],"about":[{"href":"http:\/\/serinettes.fr\/index.php\/wp-json\/wp\/v2\/types\/page"}],"author":[{"embeddable":true,"href":"http:\/\/serinettes.fr\/index.php\/wp-json\/wp\/v2\/users\/1"}],"replies":[{"embeddable":true,"href":"http:\/\/serinettes.fr\/index.php\/wp-json\/wp\/v2\/comments?post=206"}],"version-history":[{"count":4,"href":"http:\/\/serinettes.fr\/index.php\/wp-json\/wp\/v2\/pages\/206\/revisions"}],"predecessor-version":[{"id":250,"href":"http:\/\/serinettes.fr\/index.php\/wp-json\/wp\/v2\/pages\/206\/revisions\/250"}],"wp:attachment":[{"href":"http:\/\/serinettes.fr\/index.php\/wp-json\/wp\/v2\/media?parent=206"}],"curies":[{"name":"wp","href":"https:\/\/api.w.org\/{rel}","templated":true}]}}