{"id":193,"date":"2025-06-18T12:39:54","date_gmt":"2025-06-18T10:39:54","guid":{"rendered":"http:\/\/serinettes.fr\/?page_id=193"},"modified":"2025-10-13T10:53:45","modified_gmt":"2025-10-13T08:53:45","slug":"videos","status":"publish","type":"page","link":"http:\/\/serinettes.fr\/index.php\/videos\/","title":{"rendered":"Vid\u00e9os"},"content":{"rendered":"\n<p><strong><a href=\"https:\/\/www.youtube.com\/watch?v=G4XLM6fxq60\">LA SERINETTE &#8211; Le petit trait\u00e9 d&rsquo;interpr\u00e9tation de Fran\u00e7ois Lazarevitch<\/a><\/strong><br>\u00e0 visionner sur <a href=\"https:\/\/www.youtube.com\/watch?v=G4XLM6fxq60\" data-type=\"link\" data-id=\"https:\/\/www.youtube.com\/watch?v=G4XLM6fxq60\" target=\"_blank\" rel=\"noreferrer noopener\">YouTube<\/a><br>site : <a href=\"http:\/\/www.lesmusiciensdesaintjulien.fr\" data-type=\"link\" data-id=\"www.lesmusiciensdesaintjulien.fr\" target=\"_blank\" rel=\"noreferrer noopener\">www.lesmusiciensdesaintjulien.fr<\/a><br>Fran\u00e7ois Lazarevitch : fl\u00fbte traversi\u00e8re<br>Cl\u00e9ment Lebrun : m\u00e9diateur<br>Exemples musicaux : <br>&#8211; William Hill &#8211; The Bird&rsquo;s Fancyer&rsquo;s Delight, Tune for the Woodlark Londres, 1717 <br>&#8211; Anonymes La Monacot [sic] contredanse, Malbrough <br>Serinette de la collection Antoine Geoffroy-Dechaume France, ca 1780 (?) <\/p>\n\n\n\n<hr class=\"wp-block-separator has-alpha-channel-opacity\"\/>\n\n\n\n<p id=\"lazar-tonotech\"><a href=\"https:\/\/www.youtube.com\/watch?v=Gu1fkbGI5PM\" target=\"_blank\" rel=\"noreferrer noopener\"><strong>LES SECRETS DE L&rsquo;ORGUE \u00c0 CYLINDRE &#8211; Le petit trait\u00e9 d&rsquo;interpr\u00e9tation de Fran\u00e7ois Lazarevitch<\/strong><\/a><br>\u00e0 visionner sur <a href=\"https:\/\/www.youtube.com\/watch?v=Gu1fkbGI5PM\" target=\"_blank\" rel=\"noreferrer noopener\">YouTube<\/a><br>site : <a href=\"http:\/\/www.lesmusiciensdesaintjulien.fr\" target=\"_blank\" rel=\"noreferrer noopener\">www.lesmusiciensdesaintjulien.fr<\/a><br>Fran\u00e7ois Lazarevitch : fl\u00fbte traversi\u00e8re<br>Cl\u00e9ment Lebrun : m\u00e9diateur<br>avec la participation du K\u00f4ske Nozaki, fl\u00fbte \u00e0 bec t\u00e9nor<br><em>Exemples musicaux :<\/em><br>&#8211; Anonyme : Allemande, publi\u00e9e dans : Joseph Engramelle (1727-1805), La Tonotechnie ou l&rsquo;art de noter les cylindres, Paris 1775<br>&#8211; Georg Friedrich Haendel (1685-1759)<br>Grave, Concerto pour orgue op.5 n\u00b05<br>Allegro ma non presto, Concerto pour orgue op.4 n\u00b02<br><strong><em>Orgue \u00e0 cylindre, Henry Holland, fin 18e si\u00e8cle anciennement dans la Colt Clavier Collection &#8211; Kent, Angleterre<\/em><\/strong><br>&#8211; Claude Balbastre (1724-1799) Romance, publi\u00e9e dans : Dom B\u00e9dos de Celles (1709-1779) L&rsquo;Art du Facteur d&rsquo;Orgues, Quatri\u00e8me partie, Paris, 1766-1778<br>&#8211; Anonyme : La Marche du Roy, publi\u00e9e dans : Joseph Engramelle, La Tonotechnie, Paris, 1775<\/p>\n\n\n\n<hr class=\"wp-block-separator has-alpha-channel-opacity\"\/>\n\n\n\n<p><strong><a href=\"https:\/\/www.youtube.com\/watch?v=pNFhtn7UbSc\" data-type=\"link\" data-id=\"https:\/\/www.youtube.com\/watch?v=pNFhtn7UbSc\" target=\"_blank\" rel=\"noreferrer noopener\">Philharmonie de Paris -E.2233<\/a><\/strong><strong><a href=\"https:\/\/www.youtube.com\/watch?v=pNFhtn7UbSc\" data-type=\"link\" data-id=\"https:\/\/www.youtube.com\/watch?v=pNFhtn7UbSc\" target=\"_blank\" rel=\"noreferrer noopener\"> la serinette Ferry 1784<\/a><\/strong> <br>\u00e0 visionner sur <a href=\"https:\/\/www.youtube.com\/watch?v=pNFhtn7UbSc\" data-type=\"link\" data-id=\"https:\/\/www.youtube.com\/watch?v=G4XLM6fxq60\" target=\"_blank\" rel=\"noreferrer noopener\">YouTube<\/a><br>Pr\u00e9sent\u00e9e par le fl\u00fbtiste et chef de l&rsquo;ensemble La Simphonie du marais, Hugo Reyne.<br>Antoine Norbert Ferry,  (Mirecourt, Vers 1725 &#8211; Paris, 14 d\u00e9cembre 1800 (23 Frimaire An 9))<\/p>\n\n\n\n<hr class=\"wp-block-separator has-alpha-channel-opacity\"\/>\n\n\n\n<p>Diff\u00e9rents instruments restaur\u00e9s sont pr\u00e9sent\u00e9s sur le site <strong>Cylindres, Manivelles &amp; Co de Xavier Szymczak<\/strong> :<br><em>Cl\u00e9ment, Mougenot, Davrainville<\/em>, Husson-Jacotel, &#8230;<br><a href=\"https:\/\/www.orgues-xavier-szymczak.com\/serinettes\">https:\/\/www.orgues-xavier-szymczak.com\/serinettes<\/a><\/p>\n\n\n\n<hr class=\"wp-block-separator has-alpha-channel-opacity\"\/>\n\n\n\n<p>Automates \u00ab\u00a0Osieaux chanteurs\u00a0\u00bb :<br>Voir la page d\u00e9di\u00e9e sur ce site : <a href=\"http:\/\/serinettes.fr\/index.php\/les-automates-oiseaux-chanteurs\/\">http:\/\/serinettes.fr\/index.php\/les-automates-oiseaux-chanteurs\/<\/a><br><br><\/p>\n\n\n\n<p><\/p>\n","protected":false},"excerpt":{"rendered":"<p>LA SERINETTE &#8211; Le petit trait\u00e9 d&rsquo;interpr\u00e9tation de Fran\u00e7ois Lazarevitch\u00e0 visionner sur YouTubesite : www.lesmusiciensdesaintjulien.frFran\u00e7ois Lazarevitch : fl\u00fbte traversi\u00e8reCl\u00e9ment Lebrun : m\u00e9diateurExemples musicaux : &#8211; William Hill &#8211; The Bird&rsquo;s Fancyer&rsquo;s Delight, Tune for the Woodlark Londres, 1717 &#8211; Anonymes La Monacot [sic] contredanse, Malbrough Serinette de la collection Antoine Geoffroy-Dechaume France, ca 1780 (?) &hellip; <a href=\"http:\/\/serinettes.fr\/index.php\/videos\/\" class=\"more-link\">Continuer la lecture de <span class=\"screen-reader-text\">Vid\u00e9os<\/span> <span class=\"meta-nav\">&rarr;<\/span><\/a><\/p>\n","protected":false},"author":1,"featured_media":0,"parent":0,"menu_order":0,"comment_status":"closed","ping_status":"closed","template":"","meta":{"footnotes":""},"class_list":["post-193","page","type-page","status-publish","hentry"],"_links":{"self":[{"href":"http:\/\/serinettes.fr\/index.php\/wp-json\/wp\/v2\/pages\/193","targetHints":{"allow":["GET"]}}],"collection":[{"href":"http:\/\/serinettes.fr\/index.php\/wp-json\/wp\/v2\/pages"}],"about":[{"href":"http:\/\/serinettes.fr\/index.php\/wp-json\/wp\/v2\/types\/page"}],"author":[{"embeddable":true,"href":"http:\/\/serinettes.fr\/index.php\/wp-json\/wp\/v2\/users\/1"}],"replies":[{"embeddable":true,"href":"http:\/\/serinettes.fr\/index.php\/wp-json\/wp\/v2\/comments?post=193"}],"version-history":[{"count":10,"href":"http:\/\/serinettes.fr\/index.php\/wp-json\/wp\/v2\/pages\/193\/revisions"}],"predecessor-version":[{"id":917,"href":"http:\/\/serinettes.fr\/index.php\/wp-json\/wp\/v2\/pages\/193\/revisions\/917"}],"wp:attachment":[{"href":"http:\/\/serinettes.fr\/index.php\/wp-json\/wp\/v2\/media?parent=193"}],"curies":[{"name":"wp","href":"https:\/\/api.w.org\/{rel}","templated":true}]}}